{"id":5829,"date":"2026-01-14T17:33:39","date_gmt":"2026-01-14T17:33:39","guid":{"rendered":"http:\/\/n1funded.com\/?page_id=5829"},"modified":"2026-01-14T17:36:56","modified_gmt":"2026-01-14T17:36:56","slug":"privacy-policy","status":"publish","type":"page","link":"https:\/\/n1funded.com\/vi\/privacy-policy\/","title":{"rendered":"Ch\u00ednh s\u00e1ch b\u1ea3o m\u1eadt"},"content":{"rendered":"<div data-elementor-type=\"wp-page\" data-elementor-id=\"5829\" class=\"elementor elementor-5829\">\n\t\t\t\t\t\t<section class=\"elementor-section elementor-top-section elementor-element elementor-element-a0bda93 elementor-section-full_width ns-about-area ptb-100   urbanist-fonts-home loaded elementor-section-height-default elementor-section-height-default\" data-id=\"a0bda93\" data-element_type=\"section\" data-settings=\"{&quot;background_background&quot;:&quot;classic&quot;}\">\n\t\t\t\t\t\t<div class=\"elementor-container elementor-column-gap-no\">\n\t\t\t\t\t<div class=\"elementor-column elementor-col-100 elementor-top-column elementor-element elementor-element-850ce99 ptb-100\" data-id=\"850ce99\" data-element_type=\"column\">\n\t\t\t<div class=\"elementor-widget-wrap elementor-element-populated\">\n\t\t\t\t\t\t<section class=\"elementor-section elementor-inner-section elementor-element elementor-element-79331eb elementor-section-content-middle elementor-section-boxed elementor-section-height-default elementor-section-height-default\" data-id=\"79331eb\" data-element_type=\"section\">\n\t\t\t\t\t\t<div class=\"elementor-container elementor-column-gap-default\">\n\t\t\t\t\t<div class=\"elementor-column elementor-col-100 elementor-inner-column elementor-element elementor-element-4c72cde\" data-id=\"4c72cde\" data-element_type=\"column\">\n\t\t\t<div class=\"elementor-widget-wrap elementor-element-populated\">\n\t\t\t\t\t\t<div class=\"elementor-element elementor-element-965bd7a elementor-widget elementor-widget-text-editor\" data-id=\"965bd7a\" data-element_type=\"widget\" data-widget_type=\"text-editor.default\">\n\t\t\t\t<div class=\"elementor-widget-container\">\n\t\t\t\t\t\t\t\t\t<p>T\u1ea1i N1Funded, ch\u00fang t\u00f4i cam k\u1ebft b\u1ea3o v\u1ec7 quy\u1ec1n ri\u00eang t\u01b0 v\u00e0 d\u1eef li\u1ec7u c\u00e1 nh\u00e2n c\u1ee7a b\u1ea1n. Ch\u00ednh s\u00e1ch b\u1ea3o m\u1eadt n\u00e0y gi\u1ea3i th\u00edch c\u00e1ch ch\u00fang t\u00f4i thu th\u1eadp, s\u1eed d\u1ee5ng, l\u01b0u tr\u1eef v\u00e0 b\u1ea3o v\u1ec7 th\u00f4ng tin c\u1ee7a b\u1ea1n khi b\u1ea1n truy c\u1eadp trang web ho\u1eb7c s\u1eed d\u1ee5ng d\u1ecbch v\u1ee5 c\u1ee7a ch\u00fang t\u00f4i.<br \/><br \/>B\u1eb1ng c\u00e1ch s\u1eed d\u1ee5ng n\u1ec1n t\u1ea3ng N1Funded, b\u1ea1n \u0111\u1ed3ng \u00fd v\u1edbi c\u00e1c quy \u0111\u1ecbnh \u0111\u01b0\u1ee3c m\u00f4 t\u1ea3 trong ch\u00ednh s\u00e1ch n\u00e0y.<br \/><br \/><strong>Th\u00f4ng tin ch\u00fang t\u00f4i thu th\u1eadp<\/strong><br \/>Ch\u00fang t\u00f4i c\u00f3 th\u1ec3 thu th\u1eadp th\u00f4ng tin c\u00e1 nh\u00e2n nh\u01b0 t\u00ean, \u0111\u1ecba ch\u1ec9 email, qu\u1ed1c gia c\u01b0 tr\u00fa, \u0111\u1ecba ch\u1ec9 IP v\u00e0 d\u1eef li\u1ec7u li\u00ean quan \u0111\u1ebfn t\u00e0i kho\u1ea3n khi b\u1ea1n \u0111\u0103ng k\u00fd, mua th\u1eed th\u00e1ch ho\u1eb7c li\u00ean h\u1ec7 v\u1edbi b\u1ed9 ph\u1eadn h\u1ed7 tr\u1ee3. Th\u00f4ng tin thanh to\u00e1n \u0111\u01b0\u1ee3c x\u1eed l\u00fd an to\u00e0n b\u1edfi c\u00e1c nh\u00e0 cung c\u1ea5p d\u1ecbch v\u1ee5 thanh to\u00e1n b\u00ean th\u1ee9 ba v\u00e0 kh\u00f4ng \u0111\u01b0\u1ee3c l\u01b0u tr\u1eef tr\u00ean m\u00e1y ch\u1ee7 c\u1ee7a ch\u00fang t\u00f4i.<br \/><br \/>Ch\u00fang t\u00f4i c\u0169ng c\u00f3 th\u1ec3 thu th\u1eadp d\u1eef li\u1ec7u k\u1ef9 thu\u1eadt bao g\u1ed3m th\u00f4ng tin thi\u1ebft b\u1ecb, lo\u1ea1i tr\u00ecnh duy\u1ec7t v\u00e0 h\u00e0nh vi s\u1eed d\u1ee5ng cho m\u1ee5c \u0111\u00edch ph\u00e2n t\u00edch v\u00e0 b\u1ea3o m\u1eadt.<br \/><br \/><strong>C\u00e1ch ch\u00fang t\u00f4i s\u1eed d\u1ee5ng th\u00f4ng tin c\u1ee7a b\u1ea1n<\/strong><br \/>Th\u00f4ng tin c\u1ee7a b\u1ea1n \u0111\u01b0\u1ee3c s\u1eed d\u1ee5ng cho m\u1ee5c \u0111\u00edch:<br \/>T\u1ea1o v\u00e0 qu\u1ea3n l\u00fd t\u00e0i kho\u1ea3n c\u1ee7a b\u1ea1n<br \/>Cung c\u1ea5p quy\u1ec1n truy c\u1eadp v\u00e0o c\u00e1c d\u1ecbch v\u1ee5 v\u00e0 th\u00e1ch th\u1ee9c c\u1ee7a ch\u00fang t\u00f4i.<br \/>X\u1eed l\u00fd thanh to\u00e1n v\u00e0 ng\u0103n ch\u1eb7n gian l\u1eadn<br \/>Truy\u1ec1n \u0111\u1ea1t c\u00e1c th\u00f4ng tin c\u1eadp nh\u1eadt quan tr\u1ecdng v\u00e0 tin nh\u1eafn h\u1ed7 tr\u1ee3.<br \/>C\u1ea3i thi\u1ec7n hi\u1ec7u su\u1ea5t n\u1ec1n t\u1ea3ng v\u00e0 tr\u1ea3i nghi\u1ec7m ng\u01b0\u1eddi d\u00f9ng.<br \/>Ch\u00fang t\u00f4i kh\u00f4ng b\u00e1n ho\u1eb7c cho thu\u00ea d\u1eef li\u1ec7u c\u00e1 nh\u00e2n c\u1ee7a b\u1ea1n cho b\u00ean th\u1ee9 ba.<br \/><br \/><strong>Chia s\u1ebb d\u1eef li\u1ec7u v\u00e0 b\u00ean th\u1ee9 ba<\/strong><br \/>Ch\u00fang t\u00f4i c\u00f3 th\u1ec3 chia s\u1ebb m\u1ed9t s\u1ed1 d\u1eef li\u1ec7u h\u1ea1n ch\u1ebf v\u1edbi c\u00e1c nh\u00e0 cung c\u1ea5p d\u1ecbch v\u1ee5 b\u00ean th\u1ee9 ba \u0111\u00e1ng tin c\u1eady, ch\u1eb3ng h\u1ea1n nh\u01b0 c\u00e1c \u0111\u01a1n v\u1ecb x\u1eed l\u00fd thanh to\u00e1n, nh\u00e0 cung c\u1ea5p d\u1ecbch v\u1ee5 email, c\u00f4ng c\u1ee5 ph\u00e2n t\u00edch v\u00e0 h\u1ec7 th\u1ed1ng h\u1ed7 tr\u1ee3 kh\u00e1ch h\u00e0ng, ch\u1ec9 nh\u1eb1m m\u1ee5c \u0111\u00edch cung c\u1ea5p d\u1ecbch v\u1ee5 c\u1ee7a ch\u00fang t\u00f4i.<br \/><br \/>T\u1ea5t c\u1ea3 c\u00e1c b\u00ean th\u1ee9 ba \u0111\u1ec1u c\u00f3 ngh\u0129a v\u1ee5 b\u1ea3o v\u1ec7 th\u00f4ng tin c\u1ee7a b\u1ea1n v\u00e0 ch\u1ec9 s\u1eed d\u1ee5ng th\u00f4ng tin \u0111\u00f3 cho c\u00e1c m\u1ee5c \u0111\u00edch \u0111\u01b0\u1ee3c cho ph\u00e9p.<br \/><br \/><strong>Cookie v\u00e0 C\u00f4ng ngh\u1ec7 Theo d\u00f5i<\/strong><br \/>N1Funded s\u1eed d\u1ee5ng cookie v\u00e0 c\u00e1c c\u00f4ng ngh\u1ec7 t\u01b0\u01a1ng t\u1ef1 \u0111\u1ec3 t\u0103ng c\u01b0\u1eddng ch\u1ee9c n\u0103ng trang web, ph\u00e2n t\u00edch l\u01b0u l\u01b0\u1ee3ng truy c\u1eadp v\u00e0 c\u1ea3i thi\u1ec7n tr\u1ea3i nghi\u1ec7m ng\u01b0\u1eddi d\u00f9ng. B\u1ea1n c\u00f3 th\u1ec3 ki\u1ec3m so\u00e1t ho\u1eb7c v\u00f4 hi\u1ec7u h\u00f3a cookie th\u00f4ng qua c\u00e0i \u0111\u1eb7t tr\u00ecnh duy\u1ec7t c\u1ee7a m\u00ecnh.<br \/><br \/><strong>B\u1ea3o m\u1eadt d\u1eef li\u1ec7u<\/strong><br \/>Ch\u00fang t\u00f4i \u00e1p d\u1ee5ng c\u00e1c bi\u1ec7n ph\u00e1p k\u1ef9 thu\u1eadt v\u00e0 t\u1ed5 ch\u1ee9c h\u1ee3p l\u00fd \u0111\u1ec3 b\u1ea3o v\u1ec7 th\u00f4ng tin c\u00e1 nh\u00e2n c\u1ee7a b\u1ea1n kh\u1ecfi s\u1ef1 truy c\u1eadp tr\u00e1i ph\u00e9p, l\u1ea1m d\u1ee5ng ho\u1eb7c ti\u1ebft l\u1ed9. Tuy nhi\u00ean, kh\u00f4ng c\u00f3 h\u1ec7 th\u1ed1ng n\u00e0o c\u00f3 th\u1ec3 \u0111\u01b0\u1ee3c \u0111\u1ea3m b\u1ea3o an to\u00e0n tuy\u1ec7t \u0111\u1ed1i.<br \/><br \/><strong>Quy\u1ec1n c\u1ee7a b\u1ea1n<\/strong><br \/>B\u1ea1n c\u00f3 quy\u1ec1n y\u00eau c\u1ea7u truy c\u1eadp, ch\u1ec9nh s\u1eeda ho\u1eb7c x\u00f3a d\u1eef li\u1ec7u c\u00e1 nh\u00e2n c\u1ee7a m\u00ecnh. B\u1ea1n c\u0169ng c\u00f3 th\u1ec3 t\u1eeb ch\u1ed1i nh\u1eadn c\u00e1c th\u00f4ng b\u00e1o kh\u00f4ng c\u1ea7n thi\u1ebft b\u1ea5t c\u1ee9 l\u00fac n\u00e0o b\u1eb1ng c\u00e1ch li\u00ean h\u1ec7 v\u1edbi nh\u00f3m h\u1ed7 tr\u1ee3 c\u1ee7a ch\u00fang t\u00f4i.<br \/><br \/><strong>C\u1eadp nh\u1eadt ch\u00ednh s\u00e1ch<\/strong><br \/>Ch\u00fang t\u00f4i c\u00f3 th\u1ec3 c\u1eadp nh\u1eadt Ch\u00ednh s\u00e1ch B\u1ea3o m\u1eadt n\u00e0y theo th\u1eddi gian. M\u1ecdi thay \u0111\u1ed5i s\u1ebd \u0111\u01b0\u1ee3c \u0111\u0103ng t\u1ea3i tr\u00ean trang n\u00e0y, v\u00e0 vi\u1ec7c ti\u1ebfp t\u1ee5c s\u1eed d\u1ee5ng n\u1ec1n t\u1ea3ng n\u00e0y \u0111\u1ed3ng ngh\u0129a v\u1edbi vi\u1ec7c b\u1ea1n ch\u1ea5p nh\u1eadn ch\u00ednh s\u00e1ch \u0111\u00e3 \u0111\u01b0\u1ee3c c\u1eadp nh\u1eadt.<\/p>\t\t\t\t\t\t\t\t<\/div>\n\t\t\t\t<\/div>\n\t\t\t\t\t<\/div>\n\t\t<\/div>\n\t\t\t\t\t<\/div>\n\t\t<\/section>\n\t\t\t\t\t<\/div>\n\t\t<\/div>\n\t\t\t\t\t<\/div>\n\t\t<\/section>\n\t\t\t\t<\/div>","protected":false},"excerpt":{"rendered":"<p>At N1Funded, we are committed to protecting your privacy and personal data. This Privacy Policy explains how we collect, use, store, and protect your information when you access our website or use our services. By using the N1Funded platform, you consent to the practices described in this policy. Information We CollectWe may collect personal information <\/p>","protected":false},"author":1,"featured_media":0,"parent":0,"menu_order":0,"comment_status":"closed","ping_status":"closed","template":"","meta":{"_acf_changed":false,"_monsterinsights_skip_tracking":false,"_monsterinsights_sitenote_active":false,"_monsterinsights_sitenote_note":"","_monsterinsights_sitenote_category":0,"footnotes":""},"class_list":["post-5829","page","type-page","status-publish","hentry"],"acf":[],"_links":{"self":[{"href":"https:\/\/n1funded.com\/vi\/wp-json\/wp\/v2\/pages\/5829","targetHints":{"allow":["GET"]}}],"collection":[{"href":"https:\/\/n1funded.com\/vi\/wp-json\/wp\/v2\/pages"}],"about":[{"href":"https:\/\/n1funded.com\/vi\/wp-json\/wp\/v2\/types\/page"}],"author":[{"embeddable":true,"href":"https:\/\/n1funded.com\/vi\/wp-json\/wp\/v2\/users\/1"}],"replies":[{"embeddable":true,"href":"https:\/\/n1funded.com\/vi\/wp-json\/wp\/v2\/comments?post=5829"}],"version-history":[{"count":7,"href":"https:\/\/n1funded.com\/vi\/wp-json\/wp\/v2\/pages\/5829\/revisions"}],"predecessor-version":[{"id":5836,"href":"https:\/\/n1funded.com\/vi\/wp-json\/wp\/v2\/pages\/5829\/revisions\/5836"}],"wp:attachment":[{"href":"https:\/\/n1funded.com\/vi\/wp-json\/wp\/v2\/media?parent=5829"}],"curies":[{"name":"wp","href":"https:\/\/api.w.org\/{rel}","templated":true}]}}