{"id":5821,"date":"2026-01-14T17:04:29","date_gmt":"2026-01-14T17:04:29","guid":{"rendered":"http:\/\/n1funded.com\/?page_id=5821"},"modified":"2026-02-10T08:26:08","modified_gmt":"2026-02-10T08:26:08","slug":"terms-conditions","status":"publish","type":"page","link":"https:\/\/n1funded.com\/vi\/terms-conditions\/","title":{"rendered":"\u0110i\u1ec1u kho\u1ea3n v\u00e0 \u0111i\u1ec1u ki\u1ec7n"},"content":{"rendered":"<div data-elementor-type=\"wp-page\" data-elementor-id=\"5821\" class=\"elementor elementor-5821\">\n\t\t\t\t\t\t<section class=\"elementor-section elementor-top-section elementor-element elementor-element-a0bda93 elementor-section-full_width ns-about-area ptb-100   urbanist-fonts-home loaded elementor-section-height-default elementor-section-height-default\" data-id=\"a0bda93\" data-element_type=\"section\" data-settings=\"{&quot;background_background&quot;:&quot;classic&quot;}\">\n\t\t\t\t\t\t<div class=\"elementor-container elementor-column-gap-no\">\n\t\t\t\t\t<div class=\"elementor-column elementor-col-100 elementor-top-column elementor-element elementor-element-850ce99 ptb-100\" data-id=\"850ce99\" data-element_type=\"column\">\n\t\t\t<div class=\"elementor-widget-wrap elementor-element-populated\">\n\t\t\t\t\t\t<section class=\"elementor-section elementor-inner-section elementor-element elementor-element-79331eb elementor-section-content-middle elementor-section-boxed elementor-section-height-default elementor-section-height-default\" data-id=\"79331eb\" data-element_type=\"section\">\n\t\t\t\t\t\t<div class=\"elementor-container elementor-column-gap-default\">\n\t\t\t\t\t<div class=\"elementor-column elementor-col-100 elementor-inner-column elementor-element elementor-element-4c72cde\" data-id=\"4c72cde\" data-element_type=\"column\">\n\t\t\t<div class=\"elementor-widget-wrap elementor-element-populated\">\n\t\t\t\t\t\t<div class=\"elementor-element elementor-element-965bd7a elementor-widget elementor-widget-text-editor\" data-id=\"965bd7a\" data-element_type=\"widget\" data-widget_type=\"text-editor.default\">\n\t\t\t\t<div class=\"elementor-widget-container\">\n\t\t\t\t\t\t\t\t\t<p>N1Funded cung c\u1ea5p quy\u1ec1n truy c\u1eadp v\u00e0o n\u1ec1n t\u1ea3ng \u0111\u00e1nh gi\u00e1 giao d\u1ecbch \u0111\u1ed9c quy\u1ec1n \u0111\u01b0\u1ee3c thi\u1ebft k\u1ebf \u0111\u1ec3 \u0111\u00e1nh gi\u00e1 k\u1ef9 n\u0103ng giao d\u1ecbch c\u00e1 nh\u00e2n trong m\u00f4i tr\u01b0\u1eddng giao d\u1ecbch m\u00f4 ph\u1ecfng. B\u1eb1ng c\u00e1ch truy c\u1eadp trang web n\u00e0y, t\u1ea1o t\u00e0i kho\u1ea3n ho\u1eb7c mua b\u1ea5t k\u1ef3 th\u1eed th\u00e1ch ho\u1eb7c d\u1ecbch v\u1ee5 n\u00e0o do N1Funded cung c\u1ea5p, b\u1ea1n th\u1eeba nh\u1eadn r\u1eb1ng b\u1ea1n \u0111\u00e3 \u0111\u1ecdc, hi\u1ec3u v\u00e0 \u0111\u1ed3ng \u00fd b\u1ecb r\u00e0ng bu\u1ed9c b\u1edfi c\u00e1c \u0110i\u1ec1u kho\u1ea3n &amp; \u0110i\u1ec1u ki\u1ec7n n\u00e0y. N\u1ebfu b\u1ea1n kh\u00f4ng \u0111\u1ed3ng \u00fd v\u1edbi b\u1ea5t k\u1ef3 ph\u1ea7n n\u00e0o c\u1ee7a c\u00e1c \u0111i\u1ec1u kho\u1ea3n n\u00e0y, b\u1ea1n ph\u1ea3i ng\u1eebng s\u1eed d\u1ee5ng n\u1ec1n t\u1ea3ng v\u00e0 c\u00e1c d\u1ecbch v\u1ee5 li\u00ean quan.<br \/><br \/>C\u00e1c d\u1ecbch v\u1ee5 do N1Funded cung c\u1ea5p ch\u1ec9 gi\u1edbi h\u1ea1n \u1edf vi\u1ec7c \u0111\u00e1nh gi\u00e1 k\u1ef9 n\u0103ng giao d\u1ecbch v\u00e0 hi\u1ec7u su\u1ea5t. T\u1ea5t c\u1ea3 ho\u1ea1t \u0111\u1ed9ng giao d\u1ecbch tr\u00ean n\u1ec1n t\u1ea3ng N1Funded \u0111\u1ec1u di\u1ec5n ra trong m\u00f4i tr\u01b0\u1eddng demo. C\u00e1c giao d\u1ecbch \u0111\u01b0\u1ee3c m\u00f4 ph\u1ecfng, mang t\u00ednh ch\u1ea5t \u0111\u1ea1i di\u1ec7n v\u00e0 kh\u00f4ng li\u00ean quan \u0111\u1ebfn v\u1ed1n th\u1eadt, th\u1ef1c hi\u1ec7n giao d\u1ecbch tr\u00ean th\u1ecb tr\u01b0\u1eddng th\u1ef1c ho\u1eb7c t\u00e0i kho\u1ea3n m\u00f4i gi\u1edbi th\u1ef1c. B\u1ea5t k\u1ef3 ch\u1ec9 s\u1ed1 hi\u1ec7u su\u1ea5t, th\u1ed1ng k\u00ea ho\u1eb7c con s\u1ed1 l\u1ee3i nhu\u1eadn n\u00e0o \u0111\u01b0\u1ee3c hi\u1ec3n th\u1ecb tr\u00ean n\u1ec1n t\u1ea3ng \u0111\u1ec1u ch\u1ec9 l\u00e0 gi\u1ea3 \u0111\u1ecbnh v\u00e0 kh\u00f4ng \u0111\u1ea3m b\u1ea3o hi\u1ec7u su\u1ea5t ho\u1eb7c k\u1ebft qu\u1ea3 trong t\u01b0\u01a1ng lai.<br \/>N1Funded kh\u00f4ng ho\u1ea1t \u0111\u1ed9ng v\u1edbi t\u01b0 c\u00e1ch l\u00e0 nh\u00e0 m\u00f4i gi\u1edbi, kh\u00f4ng cung c\u1ea5p t\u01b0 v\u1ea5n \u0111\u1ea7u t\u01b0, kh\u00f4ng qu\u1ea3n l\u00fd ti\u1ec1n c\u1ee7a kh\u00e1ch h\u00e0ng v\u00e0 kh\u00f4ng nh\u1eadn ti\u1ec1n g\u1eedi cho m\u1ee5c \u0111\u00edch giao d\u1ecbch th\u1ef1c. Vi\u1ec7c tham gia ch\u01b0\u01a1ng tr\u00ecnh N1Funded kh\u00f4ng c\u1ea5u th\u00e0nh d\u1ecbch v\u1ee5 \u0111\u1ea7u t\u01b0, s\u1ea3n ph\u1ea9m t\u00e0i ch\u00ednh, d\u1ecbch v\u1ee5 qu\u1ea3n l\u00fd danh m\u1ee5c \u0111\u1ea7u t\u01b0 ho\u1eb7c b\u1ea5t k\u1ef3 h\u00ecnh th\u1ee9c ho\u1ea1t \u0111\u1ed9ng t\u00e0i ch\u00ednh \u0111\u01b0\u1ee3c qu\u1ea3n l\u00fd n\u00e0o.<br \/><br \/>Ng\u01b0\u1eddi d\u00f9ng ph\u1ea3i \u00edt nh\u1ea5t m\u01b0\u1eddi t\u00e1m (18) tu\u1ed5i v\u00e0 \u0111\u01b0\u1ee3c ph\u00e9p tham gia c\u00e1c ho\u1ea1t \u0111\u1ed9ng li\u00ean quan \u0111\u1ebfn giao d\u1ecbch theo quy \u0111\u1ecbnh ph\u00e1p lu\u1eadt t\u1ea1i qu\u1ed1c gia c\u01b0 tr\u00fa c\u1ee7a h\u1ecd. M\u1ed7i ng\u01b0\u1eddi d\u00f9ng ho\u00e0n to\u00e0n ch\u1ecbu tr\u00e1ch nhi\u1ec7m \u0111\u1ea3m b\u1ea3o r\u1eb1ng vi\u1ec7c tham gia c\u1ee7a h\u1ecd tu\u00e2n th\u1ee7 t\u1ea5t c\u1ea3 c\u00e1c lu\u1eadt, quy \u0111\u1ecbnh v\u00e0 h\u1ea1n ch\u1ebf hi\u1ec7n h\u00e0nh c\u1ee7a \u0111\u1ecba ph\u01b0\u01a1ng. N1Funded c\u00f3 quy\u1ec1n, theo quy\u1ebft \u0111\u1ecbnh ri\u00eang c\u1ee7a m\u00ecnh, h\u1ea1n ch\u1ebf, \u0111\u00ecnh ch\u1ec9 ho\u1eb7c t\u1eeb ch\u1ed1i quy\u1ec1n truy c\u1eadp c\u1ee7a ng\u01b0\u1eddi d\u00f9ng t\u1eeb m\u1ed9t s\u1ed1 khu v\u1ef1c ph\u00e1p l\u00fd ho\u1eb7c v\u00f9ng l\u00e3nh th\u1ed5 nh\u1ea5t \u0111\u1ecbnh m\u00e0 kh\u00f4ng c\u1ea7n th\u00f4ng b\u00e1o tr\u01b0\u1edbc.<br \/><br \/>B\u1eb1ng vi\u1ec7c \u0111\u0103ng k\u00fd t\u00e0i kho\u1ea3n v\u1edbi N1Funded, b\u1ea1n cam k\u1ebft v\u00e0 \u0111\u1ea3m b\u1ea3o r\u1eb1ng t\u1ea5t c\u1ea3 th\u00f4ng tin \u0111\u01b0\u1ee3c cung c\u1ea5p trong qu\u00e1 tr\u00ecnh \u0111\u0103ng k\u00fd v\u00e0 trong su\u1ed1t qu\u00e1 tr\u00ecnh s\u1eed d\u1ee5ng n\u1ec1n t\u1ea3ng l\u00e0 ch\u00ednh x\u00e1c, \u0111\u1ea7y \u0111\u1ee7 v\u00e0 c\u1eadp nh\u1eadt. Vi\u1ec7c cung c\u1ea5p th\u00f4ng tin sai l\u1ec7ch, g\u00e2y hi\u1ec3u nh\u1ea7m ho\u1eb7c kh\u00f4ng \u0111\u1ea7y \u0111\u1ee7 c\u00f3 th\u1ec3 d\u1eabn \u0111\u1ebfn vi\u1ec7c t\u00e0i kho\u1ea3n b\u1ecb \u0111\u00ecnh ch\u1ec9 ngay l\u1eadp t\u1ee9c ho\u1eb7c<br \/>ch\u1ea5m d\u1ee9t. Ng\u01b0\u1eddi d\u00f9ng ch\u1ecbu tr\u00e1ch nhi\u1ec7m duy tr\u00ec t\u00ednh b\u1ea3o m\u1eadt c\u1ee7a th\u00f4ng tin \u0111\u0103ng nh\u1eadp t\u00e0i kho\u1ea3n v\u00e0 ch\u1ecbu tr\u00e1ch nhi\u1ec7m cho t\u1ea5t c\u1ea3 c\u00e1c ho\u1ea1t \u0111\u1ed9ng \u0111\u01b0\u1ee3c th\u1ef1c hi\u1ec7n d\u01b0\u1edbi t\u00e0i kho\u1ea3n c\u1ee7a h\u1ecd, d\u00f9 \u0111\u01b0\u1ee3c \u1ee7y quy\u1ec1n hay kh\u00f4ng \u0111\u01b0\u1ee3c \u1ee7y quy\u1ec1n.<br \/><br \/>N1Funded c\u00f3 th\u1ec3 t\u1ea1m ng\u1eebng ho\u1eb7c ch\u1ea5m d\u1ee9t quy\u1ec1n truy c\u1eadp v\u00e0o b\u1ea5t k\u1ef3 t\u00e0i kho\u1ea3n n\u00e0o n\u1ebfu c\u00f3 l\u00fd do ch\u00ednh \u0111\u00e1ng \u0111\u1ec3 tin r\u1eb1ng t\u00e0i kho\u1ea3n \u0111\u00f3 \u0111ang \u0111\u01b0\u1ee3c s\u1eed d\u1ee5ng vi ph\u1ea1m c\u00e1c \u0110i\u1ec1u kho\u1ea3n v\u00e0 \u0110i\u1ec1u ki\u1ec7n n\u00e0y, lu\u1eadt ph\u00e1p hi\u1ec7n h\u00e0nh ho\u1eb7c quy t\u1eafc c\u1ee7a n\u1ec1n t\u1ea3ng.<br \/><br \/>N1Funded cung c\u1ea5p c\u00e1c th\u1eed th\u00e1ch giao d\u1ecbch theo c\u00e1c quy t\u1eafc, m\u1ee5c ti\u00eau v\u00e0 ti\u00eau ch\u00ed \u0111\u00e1nh gi\u00e1 \u0111\u01b0\u1ee3c x\u00e1c \u0111\u1ecbnh tr\u01b0\u1edbc. T\u1ea5t c\u1ea3 c\u00e1c lo\u1ea1i t\u00e0i kho\u1ea3n \u0111\u1ec1u tu\u00e2n theo c\u00f9ng m\u1ed9t b\u1ed9 quy t\u1eafc c\u1ed1t l\u00f5i, v\u1edbi s\u1ef1 kh\u00e1c bi\u1ec7t gi\u1edbi h\u1ea1n \u1edf quy m\u00f4 t\u00e0i kho\u1ea3n, m\u1ee5c ti\u00eau l\u1ee3i nhu\u1eadn, gi\u1edbi h\u1ea1n thua l\u1ed7 v\u00e0 ph\u00ed truy c\u1eadp. Vi\u1ec7c mua m\u1ed9t th\u1eed th\u00e1ch ch\u1ec9 c\u1ea5p quy\u1ec1n truy c\u1eadp v\u00e0o m\u00f4i tr\u01b0\u1eddng \u0111\u00e1nh gi\u00e1 v\u00e0 kh\u00f4ng \u0111\u1ea3m b\u1ea3o vi\u1ec7c chuy\u1ec3n sang t\u00e0i kho\u1ea3n \u0111\u01b0\u1ee3c c\u1ea5p v\u1ed1n.<br \/><br \/>V\u01b0\u1ee3t qua th\u1eed th\u00e1ch kh\u00f4ng t\u1ef1 \u0111\u1ed9ng d\u1eabn \u0111\u1ebfn vi\u1ec7c \u0111\u01b0\u1ee3c c\u1ea5p v\u1ed1n v\u00e0o t\u00e0i kho\u1ea3n. T\u1ea5t c\u1ea3 c\u00e1c \u0111\u1ec1 ngh\u1ecb c\u1ea5p v\u1ed1n \u0111\u1ec1u do N1Funded to\u00e0n quy\u1ec1n quy\u1ebft \u0111\u1ecbnh v\u00e0 c\u00f3 th\u1ec3 ph\u1ea3i tr\u1ea3i qua qu\u00e1 tr\u00ecnh xem x\u00e9t, x\u00e1c minh v\u00e0 ki\u1ec3m tra tu\u00e2n th\u1ee7 b\u1ed5 sung. C\u00e1c nh\u00e0 giao d\u1ecbch \u0111\u01b0\u1ee3c c\u1ea5p v\u1ed1n, n\u1ebfu \u0111\u01b0\u1ee3c ch\u1ea5p thu\u1eadn, ho\u1ea1t \u0111\u1ed9ng v\u1edbi t\u01b0 c\u00e1ch l\u00e0 ng\u01b0\u1eddi tham gia \u0111\u1ed9c l\u1eadp ch\u1ee9 kh\u00f4ng ph\u1ea3i l\u00e0 nh\u00e2n vi\u00ean, \u0111\u1ea1i l\u00fd ho\u1eb7c \u0111\u1ed1i t\u00e1c c\u1ee7a N1Funded.<br \/><br \/>Ph\u00ed tham gia c\u00e1c th\u1eed th\u00e1ch l\u00e0 ph\u00ed truy c\u1eadp \u0111\u1ec3 tham gia ch\u01b0\u01a1ng tr\u00ecnh \u0111\u00e1nh gi\u00e1 v\u00e0 kh\u00f4ng \u0111\u01b0\u1ee3c ho\u00e0n tr\u1ea3, tr\u1eeb tr\u01b0\u1eddng h\u1ee3p ph\u00e1p lu\u1eadt y\u00eau c\u1ea7u ho\u1eb7c trong tr\u01b0\u1eddng h\u1ee3p thanh to\u00e1n tr\u00f9ng l\u1eb7p ho\u1eb7c l\u1ed7i k\u1ef9 thu\u1eadt \u0111\u00e3 \u0111\u01b0\u1ee3c x\u00e1c minh. B\u1ea5t k\u1ef3 h\u00e0nh vi n\u00e0o nh\u1eb1m l\u1ea1m d\u1ee5ng n\u1ec1n t\u1ea3ng, khai th\u00e1c l\u1ed7 h\u1ed5ng h\u1ec7 th\u1ed1ng, thao t\u00fang \u0111i\u1ec1u ki\u1ec7n giao d\u1ecbch, ph\u00f2ng ng\u1eeba r\u1ee7i ro gi\u1eefa c\u00e1c t\u00e0i kho\u1ea3n ho\u1eb7c s\u1eed d\u1ee5ng t\u1ef1 \u0111\u1ed9ng h\u00f3a c\u1ee7a b\u00ean th\u1ee9 ba ho\u1eb7c c\u00e1c chi\u1ebfn l\u01b0\u1ee3c b\u1ecb c\u1ea5m \u0111\u1ec1u c\u00f3 th\u1ec3 d\u1eabn \u0111\u1ebfn vi\u1ec7c ch\u1ea5m d\u1ee9t t\u00e0i kho\u1ea3n ngay l\u1eadp t\u1ee9c v\u00e0 b\u1ecb lo\u1ea1i v\u0129nh vi\u1ec5n kh\u1ecfi vi\u1ec7c tham gia trong t\u01b0\u01a1ng lai.<br \/><br \/>N1Funded kh\u00f4ng ch\u1ecbu tr\u00e1ch nhi\u1ec7m \u0111\u1ed1i v\u1edbi b\u1ea5t k\u1ef3 t\u1ed5n th\u1ea5t gi\u00e1n ti\u1ebfp, ng\u1eabu nhi\u00ean ho\u1eb7c h\u1eadu qu\u1ea3 n\u00e0o, bao g\u1ed3m nh\u01b0ng kh\u00f4ng gi\u1edbi h\u1ea1n \u1edf m\u1ea5t l\u1ee3i nhu\u1eadn, m\u1ea5t d\u1eef li\u1ec7u ho\u1eb7c m\u1ea5t c\u01a1 h\u1ed9i. N\u1ec1n t\u1ea3ng v\u00e0 d\u1ecbch v\u1ee5 \u0111\u01b0\u1ee3c cung c\u1ea5p tr\u00ean c\u01a1 s\u1edf \u201cnguy\u00ean tr\u1ea1ng\u201d v\u00e0 \u201cs\u1eb5n c\u00f3\u201d m\u00e0 kh\u00f4ng c\u00f3 b\u1ea5t k\u1ef3 b\u1ea3o \u0111\u1ea3m n\u00e0o, d\u00f9 r\u00f5 r\u00e0ng hay ng\u1ee5 \u00fd. B\u1eb1ng c\u00e1ch ti\u1ebfp t\u1ee5c s\u1eed d\u1ee5ng n\u1ec1n t\u1ea3ng, b\u1ea1n th\u1eeba nh\u1eadn r\u1eb1ng giao d\u1ecbch m\u00f4 ph\u1ecfng ti\u1ec1m \u1ea9n r\u1ee7i ro v\u00e0 b\u1ea1n ho\u00e0n to\u00e0n ch\u1ea5p nh\u1eadn m\u1ecdi r\u1ee7i ro li\u00ean quan \u0111\u1ebfn vi\u1ec7c tham gia ch\u01b0\u01a1ng tr\u00ecnh N1Funded.<\/p>\t\t\t\t\t\t\t\t<\/div>\n\t\t\t\t<\/div>\n\t\t\t\t\t<\/div>\n\t\t<\/div>\n\t\t\t\t\t<\/div>\n\t\t<\/section>\n\t\t\t\t\t<\/div>\n\t\t<\/div>\n\t\t\t\t\t<\/div>\n\t\t<\/section>\n\t\t\t\t<\/div>","protected":false},"excerpt":{"rendered":"<p>N1Funded provides access to a proprietary trading evaluation platform designed to assess individual trading skills in a simulated trading environment. By accessing this website, creating an account, or purchasing any challenge or service offered by N1Funded, you acknowledge that you have read, understood, and agreed to be bound by these Terms &amp; Conditions. If you <\/p>","protected":false},"author":1,"featured_media":0,"parent":0,"menu_order":0,"comment_status":"closed","ping_status":"closed","template":"","meta":{"_acf_changed":false,"_monsterinsights_skip_tracking":false,"_monsterinsights_sitenote_active":false,"_monsterinsights_sitenote_note":"","_monsterinsights_sitenote_category":0,"footnotes":""},"class_list":["post-5821","page","type-page","status-publish","hentry"],"acf":[],"_links":{"self":[{"href":"https:\/\/n1funded.com\/vi\/wp-json\/wp\/v2\/pages\/5821","targetHints":{"allow":["GET"]}}],"collection":[{"href":"https:\/\/n1funded.com\/vi\/wp-json\/wp\/v2\/pages"}],"about":[{"href":"https:\/\/n1funded.com\/vi\/wp-json\/wp\/v2\/types\/page"}],"author":[{"embeddable":true,"href":"https:\/\/n1funded.com\/vi\/wp-json\/wp\/v2\/users\/1"}],"replies":[{"embeddable":true,"href":"https:\/\/n1funded.com\/vi\/wp-json\/wp\/v2\/comments?post=5821"}],"version-history":[{"count":5,"href":"https:\/\/n1funded.com\/vi\/wp-json\/wp\/v2\/pages\/5821\/revisions"}],"predecessor-version":[{"id":6828,"href":"https:\/\/n1funded.com\/vi\/wp-json\/wp\/v2\/pages\/5821\/revisions\/6828"}],"wp:attachment":[{"href":"https:\/\/n1funded.com\/vi\/wp-json\/wp\/v2\/media?parent=5821"}],"curies":[{"name":"wp","href":"https:\/\/api.w.org\/{rel}","templated":true}]}}