{"id":23,"date":"2020-07-19T05:40:23","date_gmt":"2020-07-19T05:40:23","guid":{"rendered":"http:\/\/n1funded.com\/?page_id=23"},"modified":"2026-01-14T17:55:51","modified_gmt":"2026-01-14T17:55:51","slug":"about","status":"publish","type":"page","link":"https:\/\/n1funded.com\/vi\/about\/","title":{"rendered":"V\u1ec1 ch\u00fang t\u00f4i"},"content":{"rendered":"<div data-elementor-type=\"wp-page\" data-elementor-id=\"23\" class=\"elementor elementor-23\">\n\t\t\t\t\t\t<section class=\"elementor-section elementor-top-section elementor-element elementor-element-a0bda93 elementor-section-full_width ns-about-area ptb-100   urbanist-fonts-home loaded elementor-section-height-default elementor-section-height-default\" data-id=\"a0bda93\" data-element_type=\"section\" data-settings=\"{&quot;background_background&quot;:&quot;classic&quot;}\">\n\t\t\t\t\t\t<div class=\"elementor-container elementor-column-gap-no\">\n\t\t\t\t\t<div class=\"elementor-column elementor-col-100 elementor-top-column elementor-element elementor-element-850ce99 ptb-100\" data-id=\"850ce99\" data-element_type=\"column\">\n\t\t\t<div class=\"elementor-widget-wrap elementor-element-populated\">\n\t\t\t\t\t\t<section class=\"elementor-section elementor-inner-section elementor-element elementor-element-79331eb elementor-section-content-middle elementor-section-boxed elementor-section-height-default elementor-section-height-default\" data-id=\"79331eb\" data-element_type=\"section\">\n\t\t\t\t\t\t<div class=\"elementor-container elementor-column-gap-default\">\n\t\t\t\t\t<div class=\"elementor-column elementor-col-50 elementor-inner-column elementor-element elementor-element-3c09558\" data-id=\"3c09558\" data-element_type=\"column\">\n\t\t\t<div class=\"elementor-widget-wrap elementor-element-populated\">\n\t\t\t\t\t\t<div class=\"elementor-element elementor-element-827fb98 elementor-widget elementor-widget-NSAboutImages\" data-id=\"827fb98\" data-element_type=\"widget\" data-widget_type=\"NSAboutImages.default\">\n\t\t\t\t<div class=\"elementor-widget-container\">\n\t\t\t\t\t\r\n\r\n        <div class=\"ns-about-image\">\r\n                            <img decoding=\"async\"  src=\"http:\/\/n1funded.com\/wp-content\/uploads\/2025\/12\/about1-1.jpg\" alt=\"image\"\/>\r\n            \r\n                            <div class=\"wrap-image\">\r\n                    <img decoding=\"async\"  src=\"http:\/\/n1funded.com\/wp-content\/uploads\/2025\/12\/about2.jpg\" alt=\"image2\"\/>\r\n                <\/div>\r\n            \r\n                            <div class=\"fun-facts-wrap\">\r\n                    <h3>\r\n                        <span class=\"odometer\" data-count=\"25\">00<\/span>\r\n                        <span class=\"sign\"> Nhi\u1ec1u n\u0103m kinh nghi\u1ec7m<\/span>\r\n                    <\/h3>\r\n                <\/div>\r\n                    <\/div>\r\n        \t\t\t\t<\/div>\n\t\t\t\t<\/div>\n\t\t\t\t\t<\/div>\n\t\t<\/div>\n\t\t\t\t<div class=\"elementor-column elementor-col-50 elementor-inner-column elementor-element elementor-element-4c72cde\" data-id=\"4c72cde\" data-element_type=\"column\">\n\t\t\t<div class=\"elementor-widget-wrap elementor-element-populated\">\n\t\t\t\t\t\t<div class=\"elementor-element elementor-element-2772fbd elementor-widget elementor-widget-Vaximo_AboutInnerItems\" data-id=\"2772fbd\" data-element_type=\"widget\" data-widget_type=\"Vaximo_AboutInnerItems.default\">\n\t\t\t\t<div class=\"elementor-widget-container\">\n\t\t\t\t\t\r\n        <div class=\"ns-about-content\">\r\n            \r\n                            <h2>H\u1ecdc h\u1ecfi th\u00f4ng qua th\u1ef1c h\u00e0nh trong m\u00f4i tr\u01b0\u1eddng m\u00f4 ph\u1ecfng giao d\u1ecbch kh\u00f4ng r\u1ee7i ro. <\/h2>\r\n            \r\n                            <p>N1Funded l\u00e0 m\u1ed9t n\u1ec1n t\u1ea3ng m\u00f4 ph\u1ecfng giao d\u1ecbch \u0111\u1ed9c quy\u1ec1n \u0111\u01b0\u1ee3c x\u00e2y d\u1ef1ng \u0111\u1ec3 gi\u00fap c\u00e1c nh\u00e0 giao d\u1ecbch ph\u00e1t tri\u1ec3n t\u00ednh k\u1ef7 lu\u1eadt, s\u1ef1 nh\u1ea5t qu\u00e1n v\u00e0 s\u1ef1 t\u1ef1 tin \u2014 m\u00e0 kh\u00f4ng c\u1ea7n m\u1ea1o hi\u1ec3m v\u1ed1n c\u00e1 nh\u00e2n. <br \/><br \/>\n\nN1Funded cung c\u1ea5p m\u1ed9t m\u00f4i tr\u01b0\u1eddng giao d\u1ecbch th\u1ef1c t\u1ebf, kh\u00f4ng r\u1ee7i ro, n\u01a1i c\u00e1c nh\u00e0 giao d\u1ecbch c\u00f3 th\u1ec3 th\u1ef1c h\u00e0nh, tinh ch\u1ec9nh chi\u1ebfn l\u01b0\u1ee3c v\u00e0 ph\u00e1t tri\u1ec3n th\u00f4ng qua c\u00e1c th\u1eed th\u00e1ch \u0111\u00e1nh gi\u00e1 \u0111\u01b0\u1ee3c c\u1ea5u tr\u00fac r\u00f5 r\u00e0ng. C\u00e1c m\u00f4 ph\u1ecfng c\u1ee7a ch\u00fang t\u00f4i \u0111\u01b0\u1ee3c thi\u1ebft k\u1ebf \u0111\u1ec3 ph\u1ea3n \u00e1nh s\u00e1t sao \u0111i\u1ec1u ki\u1ec7n th\u1ecb tr\u01b0\u1eddng th\u1ef1c t\u1ebf, \u0111\u1ed3ng th\u1eddi lo\u1ea1i b\u1ecf \u00e1p l\u1ef1c v\u1ec1 m\u1eb7t c\u1ea3m x\u00fac v\u00e0 t\u00e0i ch\u00ednh th\u01b0\u1eddng h\u1ea1n ch\u1ebf hi\u1ec7u su\u1ea5t.<br \/><br \/>\n\nCh\u00fang t\u00f4i tin r\u1eb1ng nh\u1eefng nh\u00e0 giao d\u1ecbch gi\u1ecfi \u0111\u01b0\u1ee3c x\u00e2y d\u1ef1ng th\u00f4ng qua quy tr\u00ecnh, ch\u1ee9 kh\u00f4ng ph\u1ea3i b\u1eb1ng nh\u1eefng con \u0111\u01b0\u1eddng t\u1eaft. \u0110\u00f3 l\u00e0 l\u00fd do t\u1ea1i sao c\u00e1c th\u1eed th\u00e1ch c\u1ee7a ch\u00fang t\u00f4i d\u1ef1a tr\u00ean c\u00e1c quy t\u1eafc minh b\u1ea1ch, c\u00e1c ch\u1ec9 s\u1ed1 hi\u1ec7u su\u1ea5t kh\u00e1ch quan v\u00e0 m\u1ed9t h\u1ec7 th\u1ed1ng ti\u1ebfn tr\u00ecnh c\u00f3 c\u1ea5u tr\u00fac, nh\u1eb1m th\u01b0\u1edfng cho nh\u1eadn th\u1ee9c r\u1ee7i ro, s\u1ef1 ki\u00ean nh\u1eabn v\u00e0 t\u00ednh nh\u1ea5t qu\u00e1n l\u00e2u d\u00e0i \u2014 ch\u1ee9 kh\u00f4ng ph\u1ea3i l\u00e0 s\u1ef1 \u0111\u1ea7u c\u01a1 b\u1ed1c \u0111\u1ed3ng.<br \/><br \/>\n\nN1Funded \u0111\u01b0\u1ee3c t\u1ea1o ra d\u00e0nh cho nh\u1eefng nh\u00e0 giao d\u1ecbch coi tr\u1ecdng s\u1ef1 minh b\u1ea1ch, c\u00f4ng b\u1eb1ng v\u00e0 s\u1ef1 c\u1ea3i thi\u1ec7n c\u00f3 th\u1ec3 \u0111o l\u01b0\u1eddng \u0111\u01b0\u1ee3c. B\u1eb1ng c\u00e1ch k\u1ebft h\u1ee3p m\u00f4 ph\u1ecfng th\u1ecb tr\u01b0\u1eddng th\u1ef1c t\u1ebf v\u1edbi m\u1ed9t khu\u00f4n kh\u1ed5 c\u1ea1nh tranh nh\u01b0ng h\u1ed7 tr\u1ee3, ch\u00fang t\u00f4i cung c\u1ea5p m\u1ed9t l\u1ed9 tr\u00ecnh t\u1eadp trung cho nh\u1eefng nh\u00e0 giao d\u1ecbch mu\u1ed1n th\u1eed th\u00e1ch b\u1ea3n th\u00e2n, m\u00e0i gi\u0169a k\u1ef9 n\u0103ng v\u00e0 ph\u00e1t tri\u1ec3n m\u1ed9t c\u00e1ch t\u1ef1 tin.<br \/><br \/>\n\nN1Funded kh\u00f4ng cung c\u1ea5p d\u1ecbch v\u1ee5 m\u00f4i gi\u1edbi ho\u1eb7c t\u01b0 v\u1ea5n \u0111\u1ea7u t\u01b0. T\u1ea5t c\u1ea3 c\u00e1c ho\u1ea1t \u0111\u1ed9ng di\u1ec5n ra trong m\u00f4i tr\u01b0\u1eddng giao d\u1ecbch m\u00f4 ph\u1ecfng v\u00e0 mang t\u00ednh gi\u00e1o d\u1ee5c.<br \/><br \/>\n<\/p>\r\n            \r\n            \r\n                    <\/div>\r\n        \t\t\t\t<\/div>\n\t\t\t\t<\/div>\n\t\t\t\t\t<\/div>\n\t\t<\/div>\n\t\t\t\t\t<\/div>\n\t\t<\/section>\n\t\t\t\t\t<\/div>\n\t\t<\/div>\n\t\t\t\t\t<\/div>\n\t\t<\/section>\n\t\t\t\t<\/div>","protected":false},"excerpt":{"rendered":"<p>00 Years of experience Learn by Doing in a Risk-Free Trading Simulation N1Funded is a proprietary trading simulation platform built to help traders develop discipline, consistency, and confidence \u2014 without risking personal capital. N1Funded provides a realistic, risk-free trading environment where traders can practice, refine strategies, and grow through clearly structured evaluation challenges. Our simulations <\/p>","protected":false},"author":1,"featured_media":0,"parent":0,"menu_order":0,"comment_status":"closed","ping_status":"closed","template":"","meta":{"_acf_changed":false,"_monsterinsights_skip_tracking":false,"_monsterinsights_sitenote_active":false,"_monsterinsights_sitenote_note":"","_monsterinsights_sitenote_category":0,"footnotes":""},"class_list":["post-23","page","type-page","status-publish","hentry"],"acf":[],"_links":{"self":[{"href":"https:\/\/n1funded.com\/vi\/wp-json\/wp\/v2\/pages\/23","targetHints":{"allow":["GET"]}}],"collection":[{"href":"https:\/\/n1funded.com\/vi\/wp-json\/wp\/v2\/pages"}],"about":[{"href":"https:\/\/n1funded.com\/vi\/wp-json\/wp\/v2\/types\/page"}],"author":[{"embeddable":true,"href":"https:\/\/n1funded.com\/vi\/wp-json\/wp\/v2\/users\/1"}],"replies":[{"embeddable":true,"href":"https:\/\/n1funded.com\/vi\/wp-json\/wp\/v2\/comments?post=23"}],"version-history":[{"count":46,"href":"https:\/\/n1funded.com\/vi\/wp-json\/wp\/v2\/pages\/23\/revisions"}],"predecessor-version":[{"id":5866,"href":"https:\/\/n1funded.com\/vi\/wp-json\/wp\/v2\/pages\/23\/revisions\/5866"}],"wp:attachment":[{"href":"https:\/\/n1funded.com\/vi\/wp-json\/wp\/v2\/media?parent=23"}],"curies":[{"name":"wp","href":"https:\/\/api.w.org\/{rel}","templated":true}]}}