{"id":194,"date":"2020-07-20T08:36:27","date_gmt":"2020-07-20T08:36:27","guid":{"rendered":"http:\/\/n1funded.com\/?page_id=194"},"modified":"2026-02-03T21:33:45","modified_gmt":"2026-02-03T21:33:45","slug":"faq","status":"publish","type":"page","link":"https:\/\/n1funded.com\/vi\/faq\/","title":{"rendered":"C\u00e2u h\u1ecfi th\u01b0\u1eddng g\u1eb7p"},"content":{"rendered":"<div data-elementor-type=\"wp-page\" data-elementor-id=\"194\" class=\"elementor elementor-194\">\n\t\t\t\t\t\t<div class=\"elementor-section elementor-top-section elementor-element elementor-element-34f8b90 faq-area ptb-100 elementor-section-boxed elementor-section-height-default elementor-section-height-default\" data-id=\"34f8b90\" data-element_type=\"section\">\n\t\t\t\t\t\t<div class=\"elementor-container elementor-column-gap-no\">\n\t\t\t\t\t<div class=\"elementor-column elementor-col-100 elementor-top-column elementor-element elementor-element-2fa552a\" data-id=\"2fa552a\" data-element_type=\"column\">\n\t\t\t<div class=\"elementor-widget-wrap elementor-element-populated\">\n\t\t\t\t\t\t<div class=\"elementor-element elementor-element-06fd04c elementor-widget elementor-widget-Section\" data-id=\"06fd04c\" data-element_type=\"widget\" data-widget_type=\"Section.default\">\n\t\t\t\t<div class=\"elementor-widget-container\">\n\t\t\t\t\t\r\n                    <div class=\"container\">\r\n                <div class=\"section-title text-center\">\r\n                    \r\n                    <h2>Frequently Asked Questions<\/h2>\r\n\r\n                    <p class=\"p\">Lorem ipsum dolor sit amet, consectetur adipisicing elit. Impedit, libero harum cum numquam repellendus autem recusandae voluptatem, asperiores iusto magni reprehenderit.<\/p>                <\/div>\r\n            <\/div>\r\n                \t\t\t\t<\/div>\n\t\t\t\t<\/div>\n\t\t\t\t<div class=\"elementor-element elementor-element-6bef84e elementor-widget elementor-widget-FAQ\" data-id=\"6bef84e\" data-element_type=\"widget\" data-widget_type=\"FAQ.default\">\n\t\t\t\t<div class=\"elementor-widget-container\">\n\t\t\t\t\t\r\n            <div class=\"container\">\r\n            <div class=\"row align-items-center\">\r\n                <div class=\"col-lg-6\">\r\n                    <div class=\"faq-accordion mb-used text-left\">\r\n                        <ul class=\"accordion\">\r\n                                                            <li class=\"accordion-item\">\r\n                                    <a class=\"accordion-title active\" href=\"javascript:void(0)\">\r\n                                        <i class=\"bx bx-plus\"><\/i>\r\n                                        Q1. What is the Funded Account Program?                                    <\/a>\r\n                                    <div class=\"accordion-content show\">\r\n                                        <p>Ch\u01b0\u01a1ng tr\u00ecnh T\u00e0i kho\u1ea3n \u0110\u01b0\u1ee3c C\u1ea5p V\u1ed1n c\u1ee7a ch\u00fang t\u00f4i cho ph\u00e9p c\u00e1c nh\u00e0 giao d\u1ecbch c\u00f3 kinh nghi\u1ec7m giao d\u1ecbch tr\u00ean c\u00e1c t\u00e0i kho\u1ea3n m\u00f4 ph\u1ecfng ph\u1ea3n \u00e1nh \u0111i\u1ec1u ki\u1ec7n th\u1ecb tr\u01b0\u1eddng th\u1ef1c t\u1ebf. Trong giai \u0111o\u1ea1n \u0111\u00e1nh gi\u00e1, c\u00e1c nh\u00e0 giao d\u1ecbch s\u1ebd ch\u1ee9ng minh k\u1ef9 n\u0103ng giao d\u1ecbch c\u1ee7a m\u00ecnh theo c\u00e1c quy t\u1eafc qu\u1ea3n l\u00fd r\u1ee7i ro \u0111\u00e3 \u0111\u01b0\u1ee3c x\u00e1c \u0111\u1ecbnh. Sau khi ho\u00e0n th\u00e0nh th\u00e0nh c\u00f4ng giai \u0111o\u1ea1n \u0111\u00e1nh gi\u00e1, h\u1ecd s\u1ebd nh\u1eadn \u0111\u01b0\u1ee3c m\u1ed9t t\u00e0i kho\u1ea3n \u0111\u01b0\u1ee3c c\u1ea5p v\u1ed1n \u0111\u1ec3 ti\u1ebfp t\u1ee5c giao d\u1ecbch tr\u00ean v\u1ed1n m\u00f4 ph\u1ecfng v\u00e0 nh\u1eadn \u0111\u01b0\u1ee3c ph\u1ea7n l\u1ee3i nhu\u1eadn th\u1ef1c t\u1ebf d\u1ef1a tr\u00ean hi\u1ec7u su\u1ea5t c\u1ee7a h\u1ecd.<\/p>\r\n                                    <\/div>\r\n                                <\/li>\r\n                                                            <li class=\"accordion-item\">\r\n                                    <a class=\"accordion-title\" href=\"javascript:void(0)\">\r\n                                        <i class=\"bx bx-plus\"><\/i>\r\n                                        Q2. Who can join the program?                                    <\/a>\r\n                                    <div class=\"accordion-content\">\r\n                                        <p>B\u1ea5t k\u1ef3 ai t\u1eeb 18 tu\u1ed5i tr\u1edf l\u00ean, \u0111\u1ebfn t\u1eeb b\u1ea5t k\u1ef3 \u0111\u00e2u tr\u00ean th\u1ebf gi\u1edbi, \u0111\u1ec1u c\u00f3 th\u1ec3 tham gia. Hi\u1ec7n t\u1ea1i kh\u00f4ng c\u00f3 h\u1ea1n ch\u1ebf v\u1ec1 qu\u1ed1c gia. Tuy nhi\u00ean, ng\u01b0\u1eddi giao d\u1ecbch ph\u1ea3i ho\u00e0n t\u1ea5t quy tr\u00ecnh x\u00e1c minh KYC tr\u01b0\u1edbc khi nh\u1eadn b\u1ea5t k\u1ef3 kho\u1ea3n thanh to\u00e1n n\u00e0o.<\/p>\r\n                                    <\/div>\r\n                                <\/li>\r\n                                                            <li class=\"accordion-item\">\r\n                                    <a class=\"accordion-title\" href=\"javascript:void(0)\">\r\n                                        <i class=\"bx bx-plus\"><\/i>\r\n                                        Q3. Why join this program?                                    <\/a>\r\n                                    <div class=\"accordion-content\">\r\n                                        <p>M\u1ee5c ti\u00eau c\u1ee7a ch\u00fang t\u00f4i l\u00e0 gi\u00fap c\u00e1c nh\u00e0 giao d\u1ecbch \u0111\u1ea1t \u0111\u01b0\u1ee3c hi\u1ec7u qu\u1ea3 t\u1ed1t nh\u1ea5t m\u00e0 kh\u00f4ng c\u1ea7n m\u1ea1o hi\u1ec3m v\u1ed1n c\u00e1 nh\u00e2n. B\u1eb1ng c\u00e1ch giao d\u1ecbch b\u1eb1ng v\u1ed1n c\u1ee7a ch\u00fang t\u00f4i, b\u1ea1n c\u00f3 th\u1ec3 t\u1eadp trung ho\u00e0n to\u00e0n v\u00e0o chi\u1ebfn l\u01b0\u1ee3c v\u00e0 k\u1ef7 lu\u1eadt \u2014 ch\u1ee9 kh\u00f4ng ph\u1ea3i v\u00e0o thua l\u1ed7.<\/p>\r\n                                    <\/div>\r\n                                <\/li>\r\n                                                            <li class=\"accordion-item\">\r\n                                    <a class=\"accordion-title\" href=\"javascript:void(0)\">\r\n                                        <i class=\"bx bx-plus\"><\/i>\r\n                                        Q4. What platforms are available?                                    <\/a>\r\n                                    <div class=\"accordion-content\">\r\n                                        <p>We support MetaTrader 4 (MT4) and MetaTrader 5 (MT5). Additional platforms may be added in the future.<\/p>\r\n                                    <\/div>\r\n                                <\/li>\r\n                                                            <li class=\"accordion-item\">\r\n                                    <a class=\"accordion-title\" href=\"javascript:void(0)\">\r\n                                        <i class=\"bx bx-plus\"><\/i>\r\n                                        Q5. How long does the evaluation take?                                    <\/a>\r\n                                    <div class=\"accordion-content\">\r\n                                        <p>There\u2019s no strict time limit for the challenge phases. You can trade at your own pace until the target is achieved, as long as you meet the minimum trading days requirement.<\/p>\r\n                                    <\/div>\r\n                                <\/li>\r\n                                                    <\/ul>\r\n                    <\/div>\r\n                <\/div>\r\n                \r\n                <!-- Right FAQ -->\r\n                <div class=\"col-lg-6\">\r\n                    <div class=\"faq-accordion text-left\">\r\n                        <ul class=\"accordion\">\r\n                                                            <li class=\"accordion-item\">\r\n                                    <a class=\"accordion-title\" href=\"javascript:void(0)\">\r\n                                        <i class=\"bx bx-plus\"><\/i>\r\n                                        Q6. What instruments can I trade?                                    <\/a>\r\n                                    <div class=\"accordion-content\">\r\n                                        <p>B\u1ea1n c\u00f3 th\u1ec3 giao d\u1ecbch nhi\u1ec1u lo\u1ea1i c\u00f4ng c\u1ee5 t\u00e0i ch\u00ednh kh\u00e1c nhau, bao g\u1ed3m:<br \/><strong>\u2022 Forex Pairs:<\/strong> C\u00e1c chuy\u00ean ng\u00e0nh ch\u00ednh, ph\u1ee5 v\u00e0 m\u1ed9t s\u1ed1 chuy\u00ean ng\u00e0nh ngo\u1ea1i lai \u0111\u01b0\u1ee3c ch\u1ecdn l\u1ecdc.<br \/><strong>\u2022 Commodities:<\/strong> V\u00e0ng, B\u1ea1c, D\u1ea7u<br \/><strong>\u2022 Indices:<\/strong> NAS100, US30, SPX500, GER30, UK100, v\u00e0 nhi\u1ec1u h\u01a1n n\u1eefa<br \/><strong>\u2022 Metals:<\/strong> XAU\/USD, XAG\/USD<br \/><strong>\u2022 Cryptocurrencies:<\/strong> BTC\/USD, ETH\/USD v\u00e0 c\u00e1c c\u1eb7p ti\u1ec1n \u0111i\u1ec7n t\u1eed ch\u00ednh kh\u00e1c.<\/p>\r\n                                    <\/div>\r\n                                <\/li>\r\n                                                            <li class=\"accordion-item\">\r\n                                    <a class=\"accordion-title\" href=\"javascript:void(0)\">\r\n                                        <i class=\"bx bx-plus\"><\/i>\r\n                                        Q7. What evaluation models do you offer?                                    <\/a>\r\n                                    <div class=\"accordion-content\">\r\n                                        <p>Ch\u00fang t\u00f4i cung c\u1ea5p ba lo\u1ea1i m\u00f4 h\u00ecnh \u0111\u00e1nh gi\u00e1:<\/p><p><strong>Th\u1eed th\u00e1ch 1 b\u01b0\u1edbc:<\/strong> \u0110\u1ea1t m\u1ee5c ti\u00eau l\u1ee3i nhu\u1eadn 10% \u0111\u1ec3 \u0111\u01b0\u1ee3c c\u1ea5p v\u1ed1n.<br \/><strong>Th\u1eed th\u00e1ch 2 b\u01b0\u1edbc:<\/strong> V\u01b0\u1ee3t qua Giai \u0111o\u1ea1n 1 (8%) v\u00e0 Giai \u0111o\u1ea1n 2 (4%) \u0111\u1ec3 \u0111\u1ee7 \u0111i\u1ec1u ki\u1ec7n.<br \/><strong>\u0110\u00e3 \u0111\u01b0\u1ee3c c\u1ea5p v\u1ed1n ngay l\u1eadp t\u1ee9c:<\/strong> B\u1ecf qua b\u01b0\u1edbc \u0111\u00e1nh gi\u00e1 v\u00e0 b\u1eaft \u0111\u1ea7u giao d\u1ecbch ngay l\u1eadp t\u1ee9c v\u1edbi t\u00e0i kho\u1ea3n \u0111\u00e3 \u0111\u01b0\u1ee3c c\u1ea5p v\u1ed1n.<\/p>\r\n                                    <\/div>\r\n                                <\/li>\r\n                                                            <li class=\"accordion-item\">\r\n                                    <a class=\"accordion-title\" href=\"javascript:void(0)\">\r\n                                        <i class=\"bx bx-plus\"><\/i>\r\n                                        Q8. How do I request my reward (payout)?                                    <\/a>\r\n                                    <div class=\"accordion-content\">\r\n                                        <p>B\u1ea1n c\u00f3 th\u1ec3 y\u00eau c\u1ea7u nh\u1eadn ph\u1ea7n th\u01b0\u1edfng tr\u1ef1c ti\u1ebfp t\u1eeb b\u1ea3ng \u0111i\u1ec1u khi\u1ec3n giao d\u1ecbch c\u1ee7a m\u00ecnh sau khi t\u1ea5t c\u1ea3 c\u00e1c giao d\u1ecbch \u0111\u00e3 \u0111\u01b0\u1ee3c ho\u00e0n t\u1ea5t.<br \/><br \/>\u2022 Reward requests are processed within <strong>1-3 ng\u00e0y l\u00e0m vi\u1ec7c<\/strong>.<br \/>\u2022 Payouts are sent <strong>exclusively via cryptocurrency<\/strong>.<br \/>\u2022 There is <strong>no minimum amount<\/strong> required to request a crypto payout.<br \/>\u2022 Once processing begins, trading will be temporarily disabled until completion.<br \/><br \/>If you don\u2019t receive your reward within 3 business days, contact our support team for assistance.<\/p>\r\n                                    <\/div>\r\n                                <\/li>\r\n                                                            <li class=\"accordion-item\">\r\n                                    <a class=\"accordion-title\" href=\"javascript:void(0)\">\r\n                                        <i class=\"bx bx-plus\"><\/i>\r\n                                        Q9. When do I become eligible for my first profit split?                                    <\/a>\r\n                                    <div class=\"accordion-content\">\r\n                                        <p>You become eligible for <strong>your first profit split after completing 14 trading days<\/strong> on your funded account and maintaining compliance with all trading rules. Once eligible, you can request your payout during the next <strong>bi-weekly reward cycle<\/strong> via <strong>ti\u1ec1n \u0111i\u1ec7n t\u1eed<\/strong>.<\/p>\r\n                                    <\/div>\r\n                                <\/li>\r\n                                                            <li class=\"accordion-item\">\r\n                                    <a class=\"accordion-title\" href=\"javascript:void(0)\">\r\n                                        <i class=\"bx bx-plus\"><\/i>\r\n                                        Q10. How does the profit split work?                                    <\/a>\r\n                                    <div class=\"accordion-content\">\r\n                                        <p>T\u1ef7 l\u1ec7 chia l\u1ee3i nhu\u1eadn c\u1ee7a ch\u00fang t\u00f4i s\u1ebd t\u0103ng l\u00ean t\u00f9y thu\u1ed9c v\u00e0o s\u1ef1 ki\u00ean tr\u00ec v\u00e0 th\u1eddi gian giao d\u1ecbch c\u1ee7a b\u1ea1n:<br \/>\u2022 <strong>60%<\/strong> of profits during the <strong>first week<\/strong><br \/>\u2022 <strong>80%<\/strong> of profits for <strong>bi-weekly payouts<\/strong><br \/>\u2022 <strong>95%<\/strong> of profits for <strong>monthly payouts<\/strong><br \/>All rewards are processed in <strong>crypto<\/strong> within 1\u20133 business days.<\/p>\r\n                                    <\/div>\r\n                                <\/li>\r\n                                                    <\/ul>\r\n                    <\/div>\r\n                <\/div>\r\n\r\n            <\/div>\r\n        <\/div>\r\n            \t\t\t\t<\/div>\n\t\t\t\t<\/div>\n\t\t\t\t\t<\/div>\n\t\t<\/div>\n\t\t\t\t\t<\/div>\n\t\t<\/div>\n\t\t\t\t<\/div>","protected":false},"excerpt":{"rendered":"<p>Frequently Asked Questions Lorem ipsum dolor sit amet, consectetur adipisicing elit. Impedit, libero harum cum numquam repellendus autem recusandae voluptatem, asperiores iusto magni reprehenderit. Q1. What is the Funded Account Program? Our Funded Account Program allows skilled traders to trade on simulated accounts that mirror real market conditions. During the evaluation phase, traders demonstrate their <\/p>","protected":false},"author":0,"featured_media":0,"parent":0,"menu_order":0,"comment_status":"closed","ping_status":"closed","template":"","meta":{"_acf_changed":false,"_monsterinsights_skip_tracking":false,"_monsterinsights_sitenote_active":false,"_monsterinsights_sitenote_note":"","_monsterinsights_sitenote_category":0,"footnotes":""},"class_list":["post-194","page","type-page","status-publish","hentry"],"acf":[],"_links":{"self":[{"href":"https:\/\/n1funded.com\/vi\/wp-json\/wp\/v2\/pages\/194","targetHints":{"allow":["GET"]}}],"collection":[{"href":"https:\/\/n1funded.com\/vi\/wp-json\/wp\/v2\/pages"}],"about":[{"href":"https:\/\/n1funded.com\/vi\/wp-json\/wp\/v2\/types\/page"}],"replies":[{"embeddable":true,"href":"https:\/\/n1funded.com\/vi\/wp-json\/wp\/v2\/comments?post=194"}],"version-history":[{"count":48,"href":"https:\/\/n1funded.com\/vi\/wp-json\/wp\/v2\/pages\/194\/revisions"}],"predecessor-version":[{"id":6517,"href":"https:\/\/n1funded.com\/vi\/wp-json\/wp\/v2\/pages\/194\/revisions\/6517"}],"wp:attachment":[{"href":"https:\/\/n1funded.com\/vi\/wp-json\/wp\/v2\/media?parent=194"}],"curies":[{"name":"wp","href":"https:\/\/api.w.org\/{rel}","templated":true}]}}