{"id":5829,"date":"2026-01-14T17:33:39","date_gmt":"2026-01-14T17:33:39","guid":{"rendered":"http:\/\/n1funded.com\/?page_id=5829"},"modified":"2026-01-14T17:36:56","modified_gmt":"2026-01-14T17:36:56","slug":"privacy-policy","status":"publish","type":"page","link":"https:\/\/n1funded.com\/fr\/privacy-policy\/","title":{"rendered":"politique de confidentialit\u00e9"},"content":{"rendered":"<div data-elementor-type=\"wp-page\" data-elementor-id=\"5829\" class=\"elementor elementor-5829\">\n\t\t\t\t\t\t<section class=\"elementor-section elementor-top-section elementor-element elementor-element-a0bda93 elementor-section-full_width ns-about-area ptb-100   urbanist-fonts-home loaded elementor-section-height-default elementor-section-height-default\" data-id=\"a0bda93\" data-element_type=\"section\" data-settings=\"{&quot;background_background&quot;:&quot;classic&quot;}\">\n\t\t\t\t\t\t<div class=\"elementor-container elementor-column-gap-no\">\n\t\t\t\t\t<div class=\"elementor-column elementor-col-100 elementor-top-column elementor-element elementor-element-850ce99 ptb-100\" data-id=\"850ce99\" data-element_type=\"column\">\n\t\t\t<div class=\"elementor-widget-wrap elementor-element-populated\">\n\t\t\t\t\t\t<section class=\"elementor-section elementor-inner-section elementor-element elementor-element-79331eb elementor-section-content-middle elementor-section-boxed elementor-section-height-default elementor-section-height-default\" data-id=\"79331eb\" data-element_type=\"section\">\n\t\t\t\t\t\t<div class=\"elementor-container elementor-column-gap-default\">\n\t\t\t\t\t<div class=\"elementor-column elementor-col-100 elementor-inner-column elementor-element elementor-element-4c72cde\" data-id=\"4c72cde\" data-element_type=\"column\">\n\t\t\t<div class=\"elementor-widget-wrap elementor-element-populated\">\n\t\t\t\t\t\t<div class=\"elementor-element elementor-element-965bd7a elementor-widget elementor-widget-text-editor\" data-id=\"965bd7a\" data-element_type=\"widget\" data-widget_type=\"text-editor.default\">\n\t\t\t\t<div class=\"elementor-widget-container\">\n\t\t\t\t\t\t\t\t\t<p>Chez N1Funded, nous nous engageons \u00e0 prot\u00e9ger votre vie priv\u00e9e et vos donn\u00e9es personnelles. La pr\u00e9sente politique de confidentialit\u00e9 explique comment nous recueillons, utilisons, stockons et prot\u00e9geons vos informations lorsque vous acc\u00e9dez \u00e0 notre site web ou utilisez nos services.<br \/><br \/>En utilisant la plateforme N1Funded, vous consentez aux pratiques d\u00e9crites dans la pr\u00e9sente politique.<br \/><br \/><strong>Informations que nous recueillons<\/strong><br \/>Nous pouvons collecter des informations personnelles telles que votre nom, votre adresse e-mail, votre pays de r\u00e9sidence, votre adresse IP et les donn\u00e9es relatives \u00e0 votre compte lorsque vous vous inscrivez, achetez un d\u00e9fi ou contactez l&#039;assistance. Les informations de paiement sont trait\u00e9es de mani\u00e8re s\u00e9curis\u00e9e par des prestataires de paiement tiers et ne sont pas stock\u00e9es sur nos serveurs.<br \/><br \/>Nous pouvons \u00e9galement collecter des donn\u00e9es techniques, notamment des informations sur l&#039;appareil, le type de navigateur et le comportement d&#039;utilisation, \u00e0 des fins d&#039;analyse et de s\u00e9curit\u00e9.<br \/><br \/><strong>Comment nous utilisons vos informations<\/strong><br \/>Vos informations sont utilis\u00e9es pour\u00a0:<br \/>Cr\u00e9ez et g\u00e9rez votre compte<br \/>Donnez acc\u00e8s \u00e0 nos services et \u00e0 nos d\u00e9fis<br \/>Traiter les paiements et pr\u00e9venir la fraude<br \/>Communiquer les mises \u00e0 jour importantes et les messages d&#039;assistance<br \/>Am\u00e9liorer les performances de la plateforme et l&#039;exp\u00e9rience utilisateur<br \/>Nous ne vendons ni ne louons vos donn\u00e9es personnelles \u00e0 des tiers.<br \/><br \/><strong>Partage de donn\u00e9es et tiers<\/strong><br \/>Nous pouvons partager des donn\u00e9es limit\u00e9es avec des prestataires de services tiers de confiance, tels que des processeurs de paiement, des fournisseurs de services de messagerie \u00e9lectronique, des outils d&#039;analyse et des syst\u00e8mes de support client, uniquement dans le but de fournir nos services.<br \/><br \/>Tous les tiers sont tenus de prot\u00e9ger vos informations et de ne les utiliser qu&#039;\u00e0 des fins autoris\u00e9es.<br \/><br \/><strong>Cookies et technologies de suivi<\/strong><br \/>N1Funded utilise des cookies et des technologies similaires pour am\u00e9liorer le fonctionnement du site web, analyser le trafic et optimiser l&#039;exp\u00e9rience utilisateur. Vous pouvez g\u00e9rer ou d\u00e9sactiver les cookies dans les param\u00e8tres de votre navigateur.<br \/><br \/><strong>S\u00e9curit\u00e9 des donn\u00e9es<\/strong><br \/>Nous mettons en \u0153uvre des mesures techniques et organisationnelles raisonnables pour prot\u00e9ger vos informations personnelles contre tout acc\u00e8s, utilisation abusive ou divulgation non autoris\u00e9s. Cependant, aucun syst\u00e8me ne peut garantir une s\u00e9curit\u00e9 absolue.<br \/><br \/><strong>Vos droits<\/strong><br \/>Vous avez le droit de demander l&#039;acc\u00e8s \u00e0 vos donn\u00e9es personnelles, leur rectification ou leur suppression. Vous pouvez \u00e9galement vous d\u00e9sabonner des communications non essentielles \u00e0 tout moment en contactant notre service client.<br \/><br \/><strong>Mises \u00e0 jour des politiques<\/strong><br \/>Nous pouvons \u00eatre amen\u00e9s \u00e0 modifier la pr\u00e9sente Politique de confidentialit\u00e9. Toute modification sera publi\u00e9e sur cette page et la poursuite de l&#039;utilisation de la plateforme vaut acceptation de la politique mise \u00e0 jour.<\/p>\t\t\t\t\t\t\t\t<\/div>\n\t\t\t\t<\/div>\n\t\t\t\t\t<\/div>\n\t\t<\/div>\n\t\t\t\t\t<\/div>\n\t\t<\/section>\n\t\t\t\t\t<\/div>\n\t\t<\/div>\n\t\t\t\t\t<\/div>\n\t\t<\/section>\n\t\t\t\t<\/div>","protected":false},"excerpt":{"rendered":"<p>At N1Funded, we are committed to protecting your privacy and personal data. This Privacy Policy explains how we collect, use, store, and protect your information when you access our website or use our services. By using the N1Funded platform, you consent to the practices described in this policy. Information We CollectWe may collect personal information <\/p>","protected":false},"author":1,"featured_media":0,"parent":0,"menu_order":0,"comment_status":"closed","ping_status":"closed","template":"","meta":{"_acf_changed":false,"_monsterinsights_skip_tracking":false,"_monsterinsights_sitenote_active":false,"_monsterinsights_sitenote_note":"","_monsterinsights_sitenote_category":0,"footnotes":""},"class_list":["post-5829","page","type-page","status-publish","hentry"],"acf":[],"_links":{"self":[{"href":"https:\/\/n1funded.com\/fr\/wp-json\/wp\/v2\/pages\/5829","targetHints":{"allow":["GET"]}}],"collection":[{"href":"https:\/\/n1funded.com\/fr\/wp-json\/wp\/v2\/pages"}],"about":[{"href":"https:\/\/n1funded.com\/fr\/wp-json\/wp\/v2\/types\/page"}],"author":[{"embeddable":true,"href":"https:\/\/n1funded.com\/fr\/wp-json\/wp\/v2\/users\/1"}],"replies":[{"embeddable":true,"href":"https:\/\/n1funded.com\/fr\/wp-json\/wp\/v2\/comments?post=5829"}],"version-history":[{"count":7,"href":"https:\/\/n1funded.com\/fr\/wp-json\/wp\/v2\/pages\/5829\/revisions"}],"predecessor-version":[{"id":5836,"href":"https:\/\/n1funded.com\/fr\/wp-json\/wp\/v2\/pages\/5829\/revisions\/5836"}],"wp:attachment":[{"href":"https:\/\/n1funded.com\/fr\/wp-json\/wp\/v2\/media?parent=5829"}],"curies":[{"name":"wp","href":"https:\/\/api.w.org\/{rel}","templated":true}]}}