{"id":5821,"date":"2026-01-14T17:04:29","date_gmt":"2026-01-14T17:04:29","guid":{"rendered":"http:\/\/n1funded.com\/?page_id=5821"},"modified":"2026-02-10T08:26:08","modified_gmt":"2026-02-10T08:26:08","slug":"terms-conditions","status":"publish","type":"page","link":"https:\/\/n1funded.com\/fr\/terms-conditions\/","title":{"rendered":"Conditions g\u00e9n\u00e9rales"},"content":{"rendered":"<div data-elementor-type=\"wp-page\" data-elementor-id=\"5821\" class=\"elementor elementor-5821\">\n\t\t\t\t\t\t<section class=\"elementor-section elementor-top-section elementor-element elementor-element-a0bda93 elementor-section-full_width ns-about-area ptb-100   urbanist-fonts-home loaded elementor-section-height-default elementor-section-height-default\" data-id=\"a0bda93\" data-element_type=\"section\" data-settings=\"{&quot;background_background&quot;:&quot;classic&quot;}\">\n\t\t\t\t\t\t<div class=\"elementor-container elementor-column-gap-no\">\n\t\t\t\t\t<div class=\"elementor-column elementor-col-100 elementor-top-column elementor-element elementor-element-850ce99 ptb-100\" data-id=\"850ce99\" data-element_type=\"column\">\n\t\t\t<div class=\"elementor-widget-wrap elementor-element-populated\">\n\t\t\t\t\t\t<section class=\"elementor-section elementor-inner-section elementor-element elementor-element-79331eb elementor-section-content-middle elementor-section-boxed elementor-section-height-default elementor-section-height-default\" data-id=\"79331eb\" data-element_type=\"section\">\n\t\t\t\t\t\t<div class=\"elementor-container elementor-column-gap-default\">\n\t\t\t\t\t<div class=\"elementor-column elementor-col-100 elementor-inner-column elementor-element elementor-element-4c72cde\" data-id=\"4c72cde\" data-element_type=\"column\">\n\t\t\t<div class=\"elementor-widget-wrap elementor-element-populated\">\n\t\t\t\t\t\t<div class=\"elementor-element elementor-element-965bd7a elementor-widget elementor-widget-text-editor\" data-id=\"965bd7a\" data-element_type=\"widget\" data-widget_type=\"text-editor.default\">\n\t\t\t\t<div class=\"elementor-widget-container\">\n\t\t\t\t\t\t\t\t\t<p>N1Funded vous donne acc\u00e8s \u00e0 une plateforme d&#039;\u00e9valuation de trading exclusive, con\u00e7ue pour \u00e9valuer vos comp\u00e9tences individuelles dans un environnement de trading simul\u00e9. En acc\u00e9dant \u00e0 ce site web, en cr\u00e9ant un compte ou en achetant un d\u00e9fi ou un service propos\u00e9 par N1Funded, vous reconnaissez avoir lu, compris et accept\u00e9 les pr\u00e9sentes Conditions g\u00e9n\u00e9rales. Si vous n&#039;acceptez pas l&#039;une quelconque de ces conditions, vous devez cesser d&#039;utiliser la plateforme et les services associ\u00e9s.<br \/><br \/>Les services propos\u00e9s par N1Funded se limitent strictement \u00e0 l&#039;\u00e9valuation des comp\u00e9tences et des performances en trading. Toute activit\u00e9 de trading r\u00e9alis\u00e9e sur la plateforme N1Funded se d\u00e9roule dans un environnement de d\u00e9monstration. Les transactions sont simul\u00e9es et repr\u00e9sentatives, et n&#039;impliquent ni capital r\u00e9el, ni ex\u00e9cution sur les march\u00e9s r\u00e9els, ni comptes de courtage r\u00e9els. Les indicateurs de performance, statistiques et chiffres de profit affich\u00e9s sur la plateforme sont hypoth\u00e9tiques et ne constituent en aucun cas une garantie de performances ou de r\u00e9sultats futurs.<br \/>N1Funded n&#039;agit pas en tant que courtier, ne fournit aucun conseil en investissement, ne g\u00e8re aucun fonds de clients et n&#039;accepte aucun d\u00e9p\u00f4t \u00e0 des fins de transactions en direct. La participation au programme N1Funded ne constitue ni un service d&#039;investissement, ni un produit financier, ni un service de gestion de portefeuille, ni aucune forme d&#039;activit\u00e9 financi\u00e8re r\u00e9glement\u00e9e.<br \/><br \/>Les utilisateurs doivent \u00eatre \u00e2g\u00e9s d&#039;au moins dix-huit (18) ans et \u00eatre l\u00e9galement autoris\u00e9s \u00e0 participer \u00e0 des activit\u00e9s de trading dans leur pays de r\u00e9sidence. Il est de la seule responsabilit\u00e9 de chaque utilisateur de s&#039;assurer que sa participation est conforme \u00e0 toutes les lois, r\u00e9glementations et restrictions locales applicables. N1Funded se r\u00e9serve le droit, \u00e0 son enti\u00e8re discr\u00e9tion, de restreindre, suspendre ou refuser l&#039;acc\u00e8s aux utilisateurs de certaines juridictions ou r\u00e9gions sans pr\u00e9avis.<br \/><br \/>En cr\u00e9ant un compte sur N1Funded, vous d\u00e9clarez et garantissez que toutes les informations fournies lors de votre inscription et tout au long de votre utilisation de la plateforme sont exactes, compl\u00e8tes et \u00e0 jour. Fournir des informations fausses, trompeuses ou incompl\u00e8tes peut entra\u00eener la suspension imm\u00e9diate de votre compte.<br \/>R\u00e9siliation. Les utilisateurs sont responsables de la confidentialit\u00e9 de leurs identifiants de compte et de toutes les activit\u00e9s men\u00e9es sur leur compte, qu&#039;elles soient autoris\u00e9es ou non.<br \/><br \/>N1Funded peut suspendre ou r\u00e9silier l&#039;acc\u00e8s \u00e0 tout compte s&#039;il estime raisonnablement que ce compte est utilis\u00e9 en violation des pr\u00e9sentes conditions g\u00e9n\u00e9rales, des lois applicables ou des r\u00e8gles de la plateforme.<br \/><br \/>N1Funded propose des d\u00e9fis de trading selon des r\u00e8gles, des objectifs et des crit\u00e8res d&#039;\u00e9valuation pr\u00e9d\u00e9finis. Tous les types de comptes suivent les m\u00eames r\u00e8gles de base, les diff\u00e9rences se limitant \u00e0 la taille du compte, aux objectifs de profit, aux limites de perte et aux frais d&#039;acc\u00e8s. L&#039;achat d&#039;un d\u00e9fi donne uniquement acc\u00e8s \u00e0 l&#039;environnement d&#039;\u00e9valuation et ne garantit pas l&#039;ouverture d&#039;un compte financ\u00e9.<br \/><br \/>R\u00e9ussir un d\u00e9fi ne donne pas automatiquement lieu \u00e0 l&#039;ouverture d&#039;un compte financ\u00e9. Toutes les offres de financement sont effectu\u00e9es \u00e0 la seule discr\u00e9tion de N1Funded et peuvent faire l&#039;objet d&#039;examens, de v\u00e9rifications et de contr\u00f4les de conformit\u00e9 suppl\u00e9mentaires. Les traders financ\u00e9s, s&#039;ils sont approuv\u00e9s, op\u00e8rent en tant que participants ind\u00e9pendants et non en tant qu&#039;employ\u00e9s, agents ou partenaires de N1Funded.<br \/><br \/>Les frais d&#039;inscription aux d\u00e9fis constituent des frais d&#039;acc\u00e8s au programme d&#039;\u00e9valuation et ne sont pas remboursables, sauf en cas d&#039;obligation l\u00e9gale ou d&#039;erreur technique de paiement (double paiement ou erreur av\u00e9r\u00e9e). Toute tentative d&#039;abus de la plateforme, d&#039;exploitation des failles du syst\u00e8me, de manipulation des conditions de trading, de couverture entre comptes ou d&#039;utilisation de syst\u00e8mes d&#039;automatisation tiers ou de strat\u00e9gies interdites peut entra\u00eener la fermeture imm\u00e9diate du compte et l&#039;exclusion d\u00e9finitive de toute participation future.<br \/><br \/>N1Funded d\u00e9cline toute responsabilit\u00e9 en cas de pertes indirectes, accessoires ou cons\u00e9cutives, notamment les pertes de profits, de donn\u00e9es ou d&#039;opportunit\u00e9s. La plateforme et les services sont fournis \u201c\u00a0en l&#039;\u00e9tat\u00a0\u201d et \u201c\u00a0selon leur disponibilit\u00e9\u00a0\u201d, sans aucune garantie, expresse ou implicite. En continuant \u00e0 utiliser la plateforme, vous reconnaissez que la simulation de trading comporte des risques inh\u00e9rents et que vous acceptez pleinement tous les risques li\u00e9s \u00e0 votre participation au programme N1Funded.<\/p>\t\t\t\t\t\t\t\t<\/div>\n\t\t\t\t<\/div>\n\t\t\t\t\t<\/div>\n\t\t<\/div>\n\t\t\t\t\t<\/div>\n\t\t<\/section>\n\t\t\t\t\t<\/div>\n\t\t<\/div>\n\t\t\t\t\t<\/div>\n\t\t<\/section>\n\t\t\t\t<\/div>","protected":false},"excerpt":{"rendered":"<p>N1Funded provides access to a proprietary trading evaluation platform designed to assess individual trading skills in a simulated trading environment. By accessing this website, creating an account, or purchasing any challenge or service offered by N1Funded, you acknowledge that you have read, understood, and agreed to be bound by these Terms &amp; Conditions. If you <\/p>","protected":false},"author":1,"featured_media":0,"parent":0,"menu_order":0,"comment_status":"closed","ping_status":"closed","template":"","meta":{"_acf_changed":false,"_monsterinsights_skip_tracking":false,"_monsterinsights_sitenote_active":false,"_monsterinsights_sitenote_note":"","_monsterinsights_sitenote_category":0,"footnotes":""},"class_list":["post-5821","page","type-page","status-publish","hentry"],"acf":[],"_links":{"self":[{"href":"https:\/\/n1funded.com\/fr\/wp-json\/wp\/v2\/pages\/5821","targetHints":{"allow":["GET"]}}],"collection":[{"href":"https:\/\/n1funded.com\/fr\/wp-json\/wp\/v2\/pages"}],"about":[{"href":"https:\/\/n1funded.com\/fr\/wp-json\/wp\/v2\/types\/page"}],"author":[{"embeddable":true,"href":"https:\/\/n1funded.com\/fr\/wp-json\/wp\/v2\/users\/1"}],"replies":[{"embeddable":true,"href":"https:\/\/n1funded.com\/fr\/wp-json\/wp\/v2\/comments?post=5821"}],"version-history":[{"count":5,"href":"https:\/\/n1funded.com\/fr\/wp-json\/wp\/v2\/pages\/5821\/revisions"}],"predecessor-version":[{"id":6828,"href":"https:\/\/n1funded.com\/fr\/wp-json\/wp\/v2\/pages\/5821\/revisions\/6828"}],"wp:attachment":[{"href":"https:\/\/n1funded.com\/fr\/wp-json\/wp\/v2\/media?parent=5821"}],"curies":[{"name":"wp","href":"https:\/\/api.w.org\/{rel}","templated":true}]}}