{"id":23,"date":"2020-07-19T05:40:23","date_gmt":"2020-07-19T05:40:23","guid":{"rendered":"http:\/\/n1funded.com\/?page_id=23"},"modified":"2026-01-14T17:55:51","modified_gmt":"2026-01-14T17:55:51","slug":"about","status":"publish","type":"page","link":"https:\/\/n1funded.com\/fr\/about\/","title":{"rendered":"\u00c0 propos de nous"},"content":{"rendered":"<div data-elementor-type=\"wp-page\" data-elementor-id=\"23\" class=\"elementor elementor-23\">\n\t\t\t\t\t\t<section class=\"elementor-section elementor-top-section elementor-element elementor-element-a0bda93 elementor-section-full_width ns-about-area ptb-100   urbanist-fonts-home loaded elementor-section-height-default elementor-section-height-default\" data-id=\"a0bda93\" data-element_type=\"section\" data-settings=\"{&quot;background_background&quot;:&quot;classic&quot;}\">\n\t\t\t\t\t\t<div class=\"elementor-container elementor-column-gap-no\">\n\t\t\t\t\t<div class=\"elementor-column elementor-col-100 elementor-top-column elementor-element elementor-element-850ce99 ptb-100\" data-id=\"850ce99\" data-element_type=\"column\">\n\t\t\t<div class=\"elementor-widget-wrap elementor-element-populated\">\n\t\t\t\t\t\t<section class=\"elementor-section elementor-inner-section elementor-element elementor-element-79331eb elementor-section-content-middle elementor-section-boxed elementor-section-height-default elementor-section-height-default\" data-id=\"79331eb\" data-element_type=\"section\">\n\t\t\t\t\t\t<div class=\"elementor-container elementor-column-gap-default\">\n\t\t\t\t\t<div class=\"elementor-column elementor-col-50 elementor-inner-column elementor-element elementor-element-3c09558\" data-id=\"3c09558\" data-element_type=\"column\">\n\t\t\t<div class=\"elementor-widget-wrap elementor-element-populated\">\n\t\t\t\t\t\t<div class=\"elementor-element elementor-element-827fb98 elementor-widget elementor-widget-NSAboutImages\" data-id=\"827fb98\" data-element_type=\"widget\" data-widget_type=\"NSAboutImages.default\">\n\t\t\t\t<div class=\"elementor-widget-container\">\n\t\t\t\t\t\r\n\r\n        <div class=\"ns-about-image\">\r\n                            <img decoding=\"async\"  src=\"http:\/\/n1funded.com\/wp-content\/uploads\/2025\/12\/about1-1.jpg\" alt=\"image\"\/>\r\n            \r\n                            <div class=\"wrap-image\">\r\n                    <img decoding=\"async\"  src=\"http:\/\/n1funded.com\/wp-content\/uploads\/2025\/12\/about2.jpg\" alt=\"image2\"\/>\r\n                <\/div>\r\n            \r\n                            <div class=\"fun-facts-wrap\">\r\n                    <h3>\r\n                        <span class=\"odometer\" data-count=\"25\">00<\/span>\r\n                        <span class=\"sign\"> Des ann\u00e9es d&#039;exp\u00e9rience<\/span>\r\n                    <\/h3>\r\n                <\/div>\r\n                    <\/div>\r\n        \t\t\t\t<\/div>\n\t\t\t\t<\/div>\n\t\t\t\t\t<\/div>\n\t\t<\/div>\n\t\t\t\t<div class=\"elementor-column elementor-col-50 elementor-inner-column elementor-element elementor-element-4c72cde\" data-id=\"4c72cde\" data-element_type=\"column\">\n\t\t\t<div class=\"elementor-widget-wrap elementor-element-populated\">\n\t\t\t\t\t\t<div class=\"elementor-element elementor-element-2772fbd elementor-widget elementor-widget-Vaximo_AboutInnerItems\" data-id=\"2772fbd\" data-element_type=\"widget\" data-widget_type=\"Vaximo_AboutInnerItems.default\">\n\t\t\t\t<div class=\"elementor-widget-container\">\n\t\t\t\t\t\r\n        <div class=\"ns-about-content\">\r\n            \r\n                            <h2>Apprenez en pratiquant gr\u00e2ce \u00e0 une simulation de trading sans risque <\/h2>\r\n            \r\n                            <p>N1Funded est une plateforme de simulation de trading exclusive con\u00e7ue pour aider les traders \u00e0 d\u00e9velopper discipline, constance et confiance, sans risquer leur capital personnel. <br \/><br \/>\n\nN1Funded offre un environnement de trading r\u00e9aliste et sans risque o\u00f9 les traders peuvent s&#039;entra\u00eener, perfectionner leurs strat\u00e9gies et progresser gr\u00e2ce \u00e0 des exercices d&#039;\u00e9valuation clairement structur\u00e9s. Nos simulations sont con\u00e7ues pour refl\u00e9ter fid\u00e8lement les conditions r\u00e9elles du march\u00e9, tout en \u00e9liminant la pression \u00e9motionnelle et financi\u00e8re qui limite souvent la performance.<br \/><br \/>\n\nNous sommes convaincus que les traders performants se forgent gr\u00e2ce \u00e0 une m\u00e9thode rigoureuse, et non par des raccourcis. C&#039;est pourquoi nos concours reposent sur des r\u00e8gles transparentes, des indicateurs de performance objectifs et un syst\u00e8me de progression structur\u00e9 qui valorise la ma\u00eetrise des risques, la patience et la constance sur le long terme, et non la sp\u00e9culation impulsive.<br \/><br \/>\n\nN1Funded est con\u00e7u pour les traders qui privil\u00e9gient la clart\u00e9, l&#039;\u00e9quit\u00e9 et une progression mesurable. En combinant des simulations de march\u00e9 r\u00e9alistes \u00e0 un cadre comp\u00e9titif et bienveillant, nous offrons un parcours cibl\u00e9 aux traders souhaitant se tester, perfectionner leurs comp\u00e9tences et progresser en toute confiance.<br \/><br \/>\n\nN1Funded ne propose pas de services de courtage ni de conseils en investissement. Toutes les activit\u00e9s se d\u00e9roulent dans un environnement de trading simul\u00e9 et p\u00e9dagogique.<br \/><br \/>\n<\/p>\r\n            \r\n            \r\n                    <\/div>\r\n        \t\t\t\t<\/div>\n\t\t\t\t<\/div>\n\t\t\t\t\t<\/div>\n\t\t<\/div>\n\t\t\t\t\t<\/div>\n\t\t<\/section>\n\t\t\t\t\t<\/div>\n\t\t<\/div>\n\t\t\t\t\t<\/div>\n\t\t<\/section>\n\t\t\t\t<\/div>","protected":false},"excerpt":{"rendered":"<p>00 Years of experience Learn by Doing in a Risk-Free Trading Simulation N1Funded is a proprietary trading simulation platform built to help traders develop discipline, consistency, and confidence \u2014 without risking personal capital. N1Funded provides a realistic, risk-free trading environment where traders can practice, refine strategies, and grow through clearly structured evaluation challenges. Our simulations <\/p>","protected":false},"author":1,"featured_media":0,"parent":0,"menu_order":0,"comment_status":"closed","ping_status":"closed","template":"","meta":{"_acf_changed":false,"_monsterinsights_skip_tracking":false,"_monsterinsights_sitenote_active":false,"_monsterinsights_sitenote_note":"","_monsterinsights_sitenote_category":0,"footnotes":""},"class_list":["post-23","page","type-page","status-publish","hentry"],"acf":[],"_links":{"self":[{"href":"https:\/\/n1funded.com\/fr\/wp-json\/wp\/v2\/pages\/23","targetHints":{"allow":["GET"]}}],"collection":[{"href":"https:\/\/n1funded.com\/fr\/wp-json\/wp\/v2\/pages"}],"about":[{"href":"https:\/\/n1funded.com\/fr\/wp-json\/wp\/v2\/types\/page"}],"author":[{"embeddable":true,"href":"https:\/\/n1funded.com\/fr\/wp-json\/wp\/v2\/users\/1"}],"replies":[{"embeddable":true,"href":"https:\/\/n1funded.com\/fr\/wp-json\/wp\/v2\/comments?post=23"}],"version-history":[{"count":46,"href":"https:\/\/n1funded.com\/fr\/wp-json\/wp\/v2\/pages\/23\/revisions"}],"predecessor-version":[{"id":5866,"href":"https:\/\/n1funded.com\/fr\/wp-json\/wp\/v2\/pages\/23\/revisions\/5866"}],"wp:attachment":[{"href":"https:\/\/n1funded.com\/fr\/wp-json\/wp\/v2\/media?parent=23"}],"curies":[{"name":"wp","href":"https:\/\/api.w.org\/{rel}","templated":true}]}}