{"id":194,"date":"2020-07-20T08:36:27","date_gmt":"2020-07-20T08:36:27","guid":{"rendered":"http:\/\/n1funded.com\/?page_id=194"},"modified":"2026-02-03T21:33:45","modified_gmt":"2026-02-03T21:33:45","slug":"faq","status":"publish","type":"page","link":"https:\/\/n1funded.com\/fr\/faq\/","title":{"rendered":"FAQ"},"content":{"rendered":"<div data-elementor-type=\"wp-page\" data-elementor-id=\"194\" class=\"elementor elementor-194\">\n\t\t\t\t\t\t<div class=\"elementor-section elementor-top-section elementor-element elementor-element-34f8b90 faq-area ptb-100 elementor-section-boxed elementor-section-height-default elementor-section-height-default\" data-id=\"34f8b90\" data-element_type=\"section\">\n\t\t\t\t\t\t<div class=\"elementor-container elementor-column-gap-no\">\n\t\t\t\t\t<div class=\"elementor-column elementor-col-100 elementor-top-column elementor-element elementor-element-2fa552a\" data-id=\"2fa552a\" data-element_type=\"column\">\n\t\t\t<div class=\"elementor-widget-wrap elementor-element-populated\">\n\t\t\t\t\t\t<div class=\"elementor-element elementor-element-06fd04c elementor-widget elementor-widget-Section\" data-id=\"06fd04c\" data-element_type=\"widget\" data-widget_type=\"Section.default\">\n\t\t\t\t<div class=\"elementor-widget-container\">\n\t\t\t\t\t\r\n                    <div class=\"container\">\r\n                <div class=\"section-title text-center\">\r\n                    \r\n                    <h2>Frequently Asked Questions<\/h2>\r\n\r\n                    <p class=\"p\">Lorem ipsum dolor sit amet, consectetur adipisicing elit. Impedit, libero harum cum numquam repellendus autem recusandae voluptatem, asperiores iusto magni reprehenderit.<\/p>                <\/div>\r\n            <\/div>\r\n                \t\t\t\t<\/div>\n\t\t\t\t<\/div>\n\t\t\t\t<div class=\"elementor-element elementor-element-6bef84e elementor-widget elementor-widget-FAQ\" data-id=\"6bef84e\" data-element_type=\"widget\" data-widget_type=\"FAQ.default\">\n\t\t\t\t<div class=\"elementor-widget-container\">\n\t\t\t\t\t\r\n            <div class=\"container\">\r\n            <div class=\"row align-items-center\">\r\n                <div class=\"col-lg-6\">\r\n                    <div class=\"faq-accordion mb-used text-left\">\r\n                        <ul class=\"accordion\">\r\n                                                            <li class=\"accordion-item\">\r\n                                    <a class=\"accordion-title active\" href=\"javascript:void(0)\">\r\n                                        <i class=\"bx bx-plus\"><\/i>\r\n                                        Q1. What is the Funded Account Program?                                    <\/a>\r\n                                    <div class=\"accordion-content show\">\r\n                                        <p>Notre programme de comptes financ\u00e9s permet aux traders exp\u00e9riment\u00e9s de s&#039;entra\u00eener sur des comptes simul\u00e9s reproduisant les conditions r\u00e9elles du march\u00e9. Lors de la phase d&#039;\u00e9valuation, les traders d\u00e9montrent leurs comp\u00e9tences en respectant des r\u00e8gles de gestion des risques d\u00e9finies. Une fois l&#039;\u00e9valuation r\u00e9ussie, ils re\u00e7oivent un compte financ\u00e9 pour continuer \u00e0 trader sur un capital simul\u00e9 et percevoir une part des b\u00e9n\u00e9fices r\u00e9els en fonction de leurs performances.<\/p>\r\n                                    <\/div>\r\n                                <\/li>\r\n                                                            <li class=\"accordion-item\">\r\n                                    <a class=\"accordion-title\" href=\"javascript:void(0)\">\r\n                                        <i class=\"bx bx-plus\"><\/i>\r\n                                        Q2. Who can join the program?                                    <\/a>\r\n                                    <div class=\"accordion-content\">\r\n                                        <p>Toute personne \u00e2g\u00e9e de 18 ans ou plus, de n&#039;importe quel pays du monde, peut participer. Il n&#039;y a actuellement aucune restriction g\u00e9ographique. Les traders doivent cependant se soumettre \u00e0 une v\u00e9rification d&#039;identit\u00e9 (KYC) avant de recevoir leurs gains.<\/p>\r\n                                    <\/div>\r\n                                <\/li>\r\n                                                            <li class=\"accordion-item\">\r\n                                    <a class=\"accordion-title\" href=\"javascript:void(0)\">\r\n                                        <i class=\"bx bx-plus\"><\/i>\r\n                                        Q3. Why join this program?                                    <\/a>\r\n                                    <div class=\"accordion-content\">\r\n                                        <p>Notre objectif est de permettre aux traders d&#039;atteindre leur plein potentiel sans risquer leurs fonds personnels. En utilisant notre capital, vous pouvez vous concentrer pleinement sur la strat\u00e9gie et la discipline, et non sur les pertes.<\/p>\r\n                                    <\/div>\r\n                                <\/li>\r\n                                                            <li class=\"accordion-item\">\r\n                                    <a class=\"accordion-title\" href=\"javascript:void(0)\">\r\n                                        <i class=\"bx bx-plus\"><\/i>\r\n                                        Q4. What platforms are available?                                    <\/a>\r\n                                    <div class=\"accordion-content\">\r\n                                        <p>We support MetaTrader 4 (MT4) and MetaTrader 5 (MT5). Additional platforms may be added in the future.<\/p>\r\n                                    <\/div>\r\n                                <\/li>\r\n                                                            <li class=\"accordion-item\">\r\n                                    <a class=\"accordion-title\" href=\"javascript:void(0)\">\r\n                                        <i class=\"bx bx-plus\"><\/i>\r\n                                        Q5. How long does the evaluation take?                                    <\/a>\r\n                                    <div class=\"accordion-content\">\r\n                                        <p>There\u2019s no strict time limit for the challenge phases. You can trade at your own pace until the target is achieved, as long as you meet the minimum trading days requirement.<\/p>\r\n                                    <\/div>\r\n                                <\/li>\r\n                                                    <\/ul>\r\n                    <\/div>\r\n                <\/div>\r\n                \r\n                <!-- Right FAQ -->\r\n                <div class=\"col-lg-6\">\r\n                    <div class=\"faq-accordion text-left\">\r\n                        <ul class=\"accordion\">\r\n                                                            <li class=\"accordion-item\">\r\n                                    <a class=\"accordion-title\" href=\"javascript:void(0)\">\r\n                                        <i class=\"bx bx-plus\"><\/i>\r\n                                        Q6. What instruments can I trade?                                    <\/a>\r\n                                    <div class=\"accordion-content\">\r\n                                        <p>Vous pouvez n\u00e9gocier une large gamme d&#039;instruments financiers, notamment\u00a0:<br \/><strong>\u2022 Forex Pairs:<\/strong> Majeurs, mineurs et esp\u00e8ces exotiques s\u00e9lectionn\u00e9es<br \/><strong>\u2022 Commodities:<\/strong> Or, argent, p\u00e9trole<br \/><strong>\u2022 Indices:<\/strong> NAS100, US30, SPX500, GER30, UK100, et plus encore<br \/><strong>\u2022 Metals:<\/strong> XAU\/USD, XAG\/USD<br \/><strong>\u2022 Cryptocurrencies:<\/strong> BTC\/USD, ETH\/USD et autres paires de cryptomonnaies majeures<\/p>\r\n                                    <\/div>\r\n                                <\/li>\r\n                                                            <li class=\"accordion-item\">\r\n                                    <a class=\"accordion-title\" href=\"javascript:void(0)\">\r\n                                        <i class=\"bx bx-plus\"><\/i>\r\n                                        Q7. What evaluation models do you offer?                                    <\/a>\r\n                                    <div class=\"accordion-content\">\r\n                                        <p>Nous proposons trois types de mod\u00e8les d&#039;\u00e9valuation\u00a0:<\/p><p><strong>D\u00e9fi en une \u00e9tape\u00a0:<\/strong> Atteignez un objectif de profit de 10% pour obtenir un financement.<br \/><strong>D\u00e9fi en 2 \u00e9tapes\u00a0:<\/strong> R\u00e9ussir la phase 1 (8%) et la phase 2 (4%) pour se qualifier.<br \/><strong>Financement instantan\u00e9\u00a0:<\/strong> Passez l&#039;\u00e9valuation et commencez \u00e0 trader imm\u00e9diatement avec un compte approvisionn\u00e9.<\/p>\r\n                                    <\/div>\r\n                                <\/li>\r\n                                                            <li class=\"accordion-item\">\r\n                                    <a class=\"accordion-title\" href=\"javascript:void(0)\">\r\n                                        <i class=\"bx bx-plus\"><\/i>\r\n                                        Q8. How do I request my reward (payout)?                                    <\/a>\r\n                                    <div class=\"accordion-content\">\r\n                                        <p>Vous pouvez demander votre r\u00e9compense directement depuis votre tableau de bord de trading une fois toutes les transactions cl\u00f4tur\u00e9es.<br \/><br \/>\u2022 Reward requests are processed within <strong>1 \u00e0 3 jours ouvrables<\/strong>.<br \/>\u2022 Payouts are sent <strong>exclusively via cryptocurrency<\/strong>.<br \/>\u2022 There is <strong>no minimum amount<\/strong> required to request a crypto payout.<br \/>\u2022 Once processing begins, trading will be temporarily disabled until completion.<br \/><br \/>If you don\u2019t receive your reward within 3 business days, contact our support team for assistance.<\/p>\r\n                                    <\/div>\r\n                                <\/li>\r\n                                                            <li class=\"accordion-item\">\r\n                                    <a class=\"accordion-title\" href=\"javascript:void(0)\">\r\n                                        <i class=\"bx bx-plus\"><\/i>\r\n                                        Q9. When do I become eligible for my first profit split?                                    <\/a>\r\n                                    <div class=\"accordion-content\">\r\n                                        <p>You become eligible for <strong>your first profit split after completing 14 trading days<\/strong> on your funded account and maintaining compliance with all trading rules. Once eligible, you can request your payout during the next <strong>bi-weekly reward cycle<\/strong> via <strong>cryptomonnaie<\/strong>.<\/p>\r\n                                    <\/div>\r\n                                <\/li>\r\n                                                            <li class=\"accordion-item\">\r\n                                    <a class=\"accordion-title\" href=\"javascript:void(0)\">\r\n                                        <i class=\"bx bx-plus\"><\/i>\r\n                                        Q10. How does the profit split work?                                    <\/a>\r\n                                    <div class=\"accordion-content\">\r\n                                        <p>Notre partage des b\u00e9n\u00e9fices augmente avec votre r\u00e9gularit\u00e9 et votre dur\u00e9e de trading\u00a0:<br \/>\u2022 <strong>60%<\/strong> of profits during the <strong>first week<\/strong><br \/>\u2022 <strong>80%<\/strong> of profits for <strong>bi-weekly payouts<\/strong><br \/>\u2022 <strong>95%<\/strong> of profits for <strong>monthly payouts<\/strong><br \/>All rewards are processed in <strong>crypto<\/strong> within 1\u20133 business days.<\/p>\r\n                                    <\/div>\r\n                                <\/li>\r\n                                                    <\/ul>\r\n                    <\/div>\r\n                <\/div>\r\n\r\n            <\/div>\r\n        <\/div>\r\n            \t\t\t\t<\/div>\n\t\t\t\t<\/div>\n\t\t\t\t\t<\/div>\n\t\t<\/div>\n\t\t\t\t\t<\/div>\n\t\t<\/div>\n\t\t\t\t<\/div>","protected":false},"excerpt":{"rendered":"<p>Frequently Asked Questions Lorem ipsum dolor sit amet, consectetur adipisicing elit. Impedit, libero harum cum numquam repellendus autem recusandae voluptatem, asperiores iusto magni reprehenderit. Q1. What is the Funded Account Program? Our Funded Account Program allows skilled traders to trade on simulated accounts that mirror real market conditions. During the evaluation phase, traders demonstrate their <\/p>","protected":false},"author":0,"featured_media":0,"parent":0,"menu_order":0,"comment_status":"closed","ping_status":"closed","template":"","meta":{"_acf_changed":false,"_monsterinsights_skip_tracking":false,"_monsterinsights_sitenote_active":false,"_monsterinsights_sitenote_note":"","_monsterinsights_sitenote_category":0,"footnotes":""},"class_list":["post-194","page","type-page","status-publish","hentry"],"acf":[],"_links":{"self":[{"href":"https:\/\/n1funded.com\/fr\/wp-json\/wp\/v2\/pages\/194","targetHints":{"allow":["GET"]}}],"collection":[{"href":"https:\/\/n1funded.com\/fr\/wp-json\/wp\/v2\/pages"}],"about":[{"href":"https:\/\/n1funded.com\/fr\/wp-json\/wp\/v2\/types\/page"}],"replies":[{"embeddable":true,"href":"https:\/\/n1funded.com\/fr\/wp-json\/wp\/v2\/comments?post=194"}],"version-history":[{"count":48,"href":"https:\/\/n1funded.com\/fr\/wp-json\/wp\/v2\/pages\/194\/revisions"}],"predecessor-version":[{"id":6517,"href":"https:\/\/n1funded.com\/fr\/wp-json\/wp\/v2\/pages\/194\/revisions\/6517"}],"wp:attachment":[{"href":"https:\/\/n1funded.com\/fr\/wp-json\/wp\/v2\/media?parent=194"}],"curies":[{"name":"wp","href":"https:\/\/api.w.org\/{rel}","templated":true}]}}