{"id":5829,"date":"2026-01-14T17:33:39","date_gmt":"2026-01-14T17:33:39","guid":{"rendered":"http:\/\/n1funded.com\/?page_id=5829"},"modified":"2026-01-14T17:36:56","modified_gmt":"2026-01-14T17:36:56","slug":"privacy-policy","status":"publish","type":"page","link":"https:\/\/n1funded.com\/es\/privacy-policy\/","title":{"rendered":"pol\u00edtica de privacidad"},"content":{"rendered":"<div data-elementor-type=\"wp-page\" data-elementor-id=\"5829\" class=\"elementor elementor-5829\">\n\t\t\t\t\t\t<section class=\"elementor-section elementor-top-section elementor-element elementor-element-a0bda93 elementor-section-full_width ns-about-area ptb-100   urbanist-fonts-home loaded elementor-section-height-default elementor-section-height-default\" data-id=\"a0bda93\" data-element_type=\"section\" data-settings=\"{&quot;background_background&quot;:&quot;classic&quot;}\">\n\t\t\t\t\t\t<div class=\"elementor-container elementor-column-gap-no\">\n\t\t\t\t\t<div class=\"elementor-column elementor-col-100 elementor-top-column elementor-element elementor-element-850ce99 ptb-100\" data-id=\"850ce99\" data-element_type=\"column\">\n\t\t\t<div class=\"elementor-widget-wrap elementor-element-populated\">\n\t\t\t\t\t\t<section class=\"elementor-section elementor-inner-section elementor-element elementor-element-79331eb elementor-section-content-middle elementor-section-boxed elementor-section-height-default elementor-section-height-default\" data-id=\"79331eb\" data-element_type=\"section\">\n\t\t\t\t\t\t<div class=\"elementor-container elementor-column-gap-default\">\n\t\t\t\t\t<div class=\"elementor-column elementor-col-100 elementor-inner-column elementor-element elementor-element-4c72cde\" data-id=\"4c72cde\" data-element_type=\"column\">\n\t\t\t<div class=\"elementor-widget-wrap elementor-element-populated\">\n\t\t\t\t\t\t<div class=\"elementor-element elementor-element-965bd7a elementor-widget elementor-widget-text-editor\" data-id=\"965bd7a\" data-element_type=\"widget\" data-widget_type=\"text-editor.default\">\n\t\t\t\t<div class=\"elementor-widget-container\">\n\t\t\t\t\t\t\t\t\t<p>En N1Funded, nos comprometemos a proteger su privacidad y sus datos personales. Esta Pol\u00edtica de Privacidad explica c\u00f3mo recopilamos, usamos, almacenamos y protegemos su informaci\u00f3n cuando accede a nuestro sitio web o utiliza nuestros servicios.<br \/><br \/>Al utilizar la plataforma N1Funded, usted acepta las pr\u00e1cticas descritas en esta pol\u00edtica.<br \/><br \/><strong>Informaci\u00f3n que recopilamos<\/strong><br \/>Podemos recopilar informaci\u00f3n personal como su nombre, direcci\u00f3n de correo electr\u00f3nico, pa\u00eds de residencia, direcci\u00f3n IP y datos relacionados con su cuenta cuando se registre, compre un desaf\u00edo o se comunique con el servicio de asistencia. La informaci\u00f3n de pago es procesada de forma segura por proveedores de pago externos y no se almacena en nuestros servidores.<br \/><br \/>Tambi\u00e9n podemos recopilar datos t\u00e9cnicos, como informaci\u00f3n del dispositivo, tipo de navegador y comportamiento de uso, con fines anal\u00edticos y de seguridad.<br \/><br \/><strong>C\u00f3mo utilizamos su informaci\u00f3n<\/strong><br \/>Su informaci\u00f3n se utiliza para:<br \/>Crea y gestiona tu cuenta<br \/>Brindar acceso a nuestros servicios y desaf\u00edos<br \/>Procesar pagos y prevenir el fraude<br \/>Comunicar actualizaciones importantes y mensajes de soporte<br \/>Mejorar el rendimiento de la plataforma y la experiencia del usuario.<br \/>No vendemos ni alquilamos sus datos personales a terceros.<br \/><br \/><strong>Intercambio de datos y terceros<\/strong><br \/>Podemos compartir datos limitados con proveedores de servicios externos de confianza, como procesadores de pagos, proveedores de servicios de correo electr\u00f3nico, herramientas de an\u00e1lisis y sistemas de atenci\u00f3n al cliente, \u00fanicamente con el fin de prestar nuestros servicios.<br \/><br \/>Todos los terceros est\u00e1n obligados a proteger su informaci\u00f3n y a utilizarla \u00fanicamente para fines autorizados.<br \/><br \/><strong>Cookies y tecnolog\u00edas de seguimiento<\/strong><br \/>N1Funded utiliza cookies y tecnolog\u00edas similares para mejorar la funcionalidad del sitio web, analizar el tr\u00e1fico y optimizar la experiencia del usuario. Puede controlar o desactivar las cookies a trav\u00e9s de la configuraci\u00f3n de su navegador.<br \/><br \/><strong>Seguridad de los datos<\/strong><br \/>Implementamos medidas t\u00e9cnicas y organizativas razonables para proteger su informaci\u00f3n personal contra el acceso no autorizado, el uso indebido o la divulgaci\u00f3n. Sin embargo, ning\u00fan sistema puede garantizar una seguridad absoluta.<br \/><br \/><strong>Sus derechos<\/strong><br \/>Tienes derecho a solicitar el acceso, la correcci\u00f3n o la eliminaci\u00f3n de tus datos personales. Tambi\u00e9n puedes optar por no recibir comunicaciones no esenciales en cualquier momento poni\u00e9ndote en contacto con nuestro equipo de soporte.<br \/><br \/><strong>Actualizaciones de pol\u00edticas<\/strong><br \/>Podemos actualizar esta Pol\u00edtica de Privacidad peri\u00f3dicamente. Cualquier cambio se publicar\u00e1 en esta p\u00e1gina, y el uso continuado de la plataforma implica la aceptaci\u00f3n de la pol\u00edtica actualizada.<\/p>\t\t\t\t\t\t\t\t<\/div>\n\t\t\t\t<\/div>\n\t\t\t\t\t<\/div>\n\t\t<\/div>\n\t\t\t\t\t<\/div>\n\t\t<\/section>\n\t\t\t\t\t<\/div>\n\t\t<\/div>\n\t\t\t\t\t<\/div>\n\t\t<\/section>\n\t\t\t\t<\/div>","protected":false},"excerpt":{"rendered":"<p>At N1Funded, we are committed to protecting your privacy and personal data. This Privacy Policy explains how we collect, use, store, and protect your information when you access our website or use our services. By using the N1Funded platform, you consent to the practices described in this policy. Information We CollectWe may collect personal information <\/p>","protected":false},"author":1,"featured_media":0,"parent":0,"menu_order":0,"comment_status":"closed","ping_status":"closed","template":"","meta":{"_acf_changed":false,"_monsterinsights_skip_tracking":false,"_monsterinsights_sitenote_active":false,"_monsterinsights_sitenote_note":"","_monsterinsights_sitenote_category":0,"footnotes":""},"class_list":["post-5829","page","type-page","status-publish","hentry"],"acf":[],"_links":{"self":[{"href":"https:\/\/n1funded.com\/es\/wp-json\/wp\/v2\/pages\/5829","targetHints":{"allow":["GET"]}}],"collection":[{"href":"https:\/\/n1funded.com\/es\/wp-json\/wp\/v2\/pages"}],"about":[{"href":"https:\/\/n1funded.com\/es\/wp-json\/wp\/v2\/types\/page"}],"author":[{"embeddable":true,"href":"https:\/\/n1funded.com\/es\/wp-json\/wp\/v2\/users\/1"}],"replies":[{"embeddable":true,"href":"https:\/\/n1funded.com\/es\/wp-json\/wp\/v2\/comments?post=5829"}],"version-history":[{"count":7,"href":"https:\/\/n1funded.com\/es\/wp-json\/wp\/v2\/pages\/5829\/revisions"}],"predecessor-version":[{"id":5836,"href":"https:\/\/n1funded.com\/es\/wp-json\/wp\/v2\/pages\/5829\/revisions\/5836"}],"wp:attachment":[{"href":"https:\/\/n1funded.com\/es\/wp-json\/wp\/v2\/media?parent=5829"}],"curies":[{"name":"wp","href":"https:\/\/api.w.org\/{rel}","templated":true}]}}