{"id":194,"date":"2020-07-20T08:36:27","date_gmt":"2020-07-20T08:36:27","guid":{"rendered":"http:\/\/n1funded.com\/?page_id=194"},"modified":"2026-02-03T21:33:45","modified_gmt":"2026-02-03T21:33:45","slug":"faq","status":"publish","type":"page","link":"https:\/\/n1funded.com\/es\/faq\/","title":{"rendered":"Preguntas frecuentes"},"content":{"rendered":"<div data-elementor-type=\"wp-page\" data-elementor-id=\"194\" class=\"elementor elementor-194\">\n\t\t\t\t\t\t<div class=\"elementor-section elementor-top-section elementor-element elementor-element-34f8b90 faq-area ptb-100 elementor-section-boxed elementor-section-height-default elementor-section-height-default\" data-id=\"34f8b90\" data-element_type=\"section\">\n\t\t\t\t\t\t<div class=\"elementor-container elementor-column-gap-no\">\n\t\t\t\t\t<div class=\"elementor-column elementor-col-100 elementor-top-column elementor-element elementor-element-2fa552a\" data-id=\"2fa552a\" data-element_type=\"column\">\n\t\t\t<div class=\"elementor-widget-wrap elementor-element-populated\">\n\t\t\t\t\t\t<div class=\"elementor-element elementor-element-06fd04c elementor-widget elementor-widget-Section\" data-id=\"06fd04c\" data-element_type=\"widget\" data-widget_type=\"Section.default\">\n\t\t\t\t<div class=\"elementor-widget-container\">\n\t\t\t\t\t\r\n                    <div class=\"container\">\r\n                <div class=\"section-title text-center\">\r\n                    \r\n                    <h2>Frequently Asked Questions<\/h2>\r\n\r\n                    <p class=\"p\">Lorem ipsum dolor sit amet, consectetur adipisicing elit. Impedit, libero harum cum numquam repellendus autem recusandae voluptatem, asperiores iusto magni reprehenderit.<\/p>                <\/div>\r\n            <\/div>\r\n                \t\t\t\t<\/div>\n\t\t\t\t<\/div>\n\t\t\t\t<div class=\"elementor-element elementor-element-6bef84e elementor-widget elementor-widget-FAQ\" data-id=\"6bef84e\" data-element_type=\"widget\" data-widget_type=\"FAQ.default\">\n\t\t\t\t<div class=\"elementor-widget-container\">\n\t\t\t\t\t\r\n            <div class=\"container\">\r\n            <div class=\"row align-items-center\">\r\n                <div class=\"col-lg-6\">\r\n                    <div class=\"faq-accordion mb-used text-left\">\r\n                        <ul class=\"accordion\">\r\n                                                            <li class=\"accordion-item\">\r\n                                    <a class=\"accordion-title active\" href=\"javascript:void(0)\">\r\n                                        <i class=\"bx bx-plus\"><\/i>\r\n                                        Q1. What is the Funded Account Program?                                    <\/a>\r\n                                    <div class=\"accordion-content show\">\r\n                                        <p>Nuestro programa de cuentas financiadas permite a los operadores experimentados operar en cuentas simuladas que reflejan las condiciones reales del mercado. Durante la fase de evaluaci\u00f3n, los operadores demuestran sus habilidades de trading bajo reglas de gesti\u00f3n de riesgos predefinidas. Una vez superada la evaluaci\u00f3n, reciben una cuenta financiada para continuar operando con capital simulado y obtener una participaci\u00f3n en las ganancias reales en funci\u00f3n de su rendimiento.<\/p>\r\n                                    <\/div>\r\n                                <\/li>\r\n                                                            <li class=\"accordion-item\">\r\n                                    <a class=\"accordion-title\" href=\"javascript:void(0)\">\r\n                                        <i class=\"bx bx-plus\"><\/i>\r\n                                        Q2. Who can join the program?                                    <\/a>\r\n                                    <div class=\"accordion-content\">\r\n                                        <p>Pueden participar personas mayores de 18 a\u00f1os, de cualquier parte del mundo. Actualmente no hay restricciones geogr\u00e1ficas. Sin embargo, los operadores deben completar la verificaci\u00f3n KYC antes de recibir sus ganancias.<\/p>\r\n                                    <\/div>\r\n                                <\/li>\r\n                                                            <li class=\"accordion-item\">\r\n                                    <a class=\"accordion-title\" href=\"javascript:void(0)\">\r\n                                        <i class=\"bx bx-plus\"><\/i>\r\n                                        Q3. Why join this program?                                    <\/a>\r\n                                    <div class=\"accordion-content\">\r\n                                        <p>Nuestro objetivo es capacitar a los operadores para que rindan al m\u00e1ximo sin arriesgar su propio capital. Al operar con nuestro capital, usted puede concentrarse exclusivamente en la estrategia y la disciplina, sin preocuparse por las p\u00e9rdidas.<\/p>\r\n                                    <\/div>\r\n                                <\/li>\r\n                                                            <li class=\"accordion-item\">\r\n                                    <a class=\"accordion-title\" href=\"javascript:void(0)\">\r\n                                        <i class=\"bx bx-plus\"><\/i>\r\n                                        Q4. What platforms are available?                                    <\/a>\r\n                                    <div class=\"accordion-content\">\r\n                                        <p>We support MetaTrader 4 (MT4) and MetaTrader 5 (MT5). Additional platforms may be added in the future.<\/p>\r\n                                    <\/div>\r\n                                <\/li>\r\n                                                            <li class=\"accordion-item\">\r\n                                    <a class=\"accordion-title\" href=\"javascript:void(0)\">\r\n                                        <i class=\"bx bx-plus\"><\/i>\r\n                                        Q5. How long does the evaluation take?                                    <\/a>\r\n                                    <div class=\"accordion-content\">\r\n                                        <p>There\u2019s no strict time limit for the challenge phases. You can trade at your own pace until the target is achieved, as long as you meet the minimum trading days requirement.<\/p>\r\n                                    <\/div>\r\n                                <\/li>\r\n                                                    <\/ul>\r\n                    <\/div>\r\n                <\/div>\r\n                \r\n                <!-- Right FAQ -->\r\n                <div class=\"col-lg-6\">\r\n                    <div class=\"faq-accordion text-left\">\r\n                        <ul class=\"accordion\">\r\n                                                            <li class=\"accordion-item\">\r\n                                    <a class=\"accordion-title\" href=\"javascript:void(0)\">\r\n                                        <i class=\"bx bx-plus\"><\/i>\r\n                                        Q6. What instruments can I trade?                                    <\/a>\r\n                                    <div class=\"accordion-content\">\r\n                                        <p>Puedes negociar una amplia gama de instrumentos financieros, entre los que se incluyen:<br \/><strong>\u2022 Forex Pairs:<\/strong> Asignaturas principales, secundarias y algunas ex\u00f3ticas.<br \/><strong>\u2022 Commodities:<\/strong> Oro, plata, petr\u00f3leo<br \/><strong>\u2022 Indices:<\/strong> NAS100, US30, SPX500, GER30, UK100 y m\u00e1s<br \/><strong>\u2022 Metals:<\/strong> XAU\/USD, XAG\/USD<br \/><strong>\u2022 Cryptocurrencies:<\/strong> BTC\/USD, ETH\/USD y otros pares de criptomonedas importantes<\/p>\r\n                                    <\/div>\r\n                                <\/li>\r\n                                                            <li class=\"accordion-item\">\r\n                                    <a class=\"accordion-title\" href=\"javascript:void(0)\">\r\n                                        <i class=\"bx bx-plus\"><\/i>\r\n                                        Q7. What evaluation models do you offer?                                    <\/a>\r\n                                    <div class=\"accordion-content\">\r\n                                        <p>Ofrecemos tres tipos de modelos de evaluaci\u00f3n:<\/p><p><strong>Reto de 1 paso:<\/strong> Alcanza un objetivo de beneficios de 10% para obtener financiaci\u00f3n.<br \/><strong>Reto de 2 pasos:<\/strong> Superar la Fase 1 (8%) y la Fase 2 (4%) para poder optar a la certificaci\u00f3n.<br \/><strong>Financiaci\u00f3n inmediata:<\/strong> S\u00e1ltate la evaluaci\u00f3n y empieza a operar con una cuenta financiada de inmediato.<\/p>\r\n                                    <\/div>\r\n                                <\/li>\r\n                                                            <li class=\"accordion-item\">\r\n                                    <a class=\"accordion-title\" href=\"javascript:void(0)\">\r\n                                        <i class=\"bx bx-plus\"><\/i>\r\n                                        Q8. How do I request my reward (payout)?                                    <\/a>\r\n                                    <div class=\"accordion-content\">\r\n                                        <p>Una vez cerradas todas las operaciones, podr\u00e1 solicitar su recompensa directamente desde su panel de control de operaciones.<br \/><br \/>\u2022 Reward requests are processed within <strong>1-3 d\u00edas h\u00e1biles<\/strong>.<br \/>\u2022 Payouts are sent <strong>exclusively via cryptocurrency<\/strong>.<br \/>\u2022 There is <strong>no minimum amount<\/strong> required to request a crypto payout.<br \/>\u2022 Once processing begins, trading will be temporarily disabled until completion.<br \/><br \/>If you don\u2019t receive your reward within 3 business days, contact our support team for assistance.<\/p>\r\n                                    <\/div>\r\n                                <\/li>\r\n                                                            <li class=\"accordion-item\">\r\n                                    <a class=\"accordion-title\" href=\"javascript:void(0)\">\r\n                                        <i class=\"bx bx-plus\"><\/i>\r\n                                        Q9. When do I become eligible for my first profit split?                                    <\/a>\r\n                                    <div class=\"accordion-content\">\r\n                                        <p>You become eligible for <strong>your first profit split after completing 14 trading days<\/strong> on your funded account and maintaining compliance with all trading rules. Once eligible, you can request your payout during the next <strong>bi-weekly reward cycle<\/strong> via <strong>criptomoneda<\/strong>.<\/p>\r\n                                    <\/div>\r\n                                <\/li>\r\n                                                            <li class=\"accordion-item\">\r\n                                    <a class=\"accordion-title\" href=\"javascript:void(0)\">\r\n                                        <i class=\"bx bx-plus\"><\/i>\r\n                                        Q10. How does the profit split work?                                    <\/a>\r\n                                    <div class=\"accordion-content\">\r\n                                        <p>Nuestro reparto de beneficios aumenta con su constancia y duraci\u00f3n de las operaciones:<br \/>\u2022 <strong>60%<\/strong> of profits during the <strong>first week<\/strong><br \/>\u2022 <strong>80%<\/strong> of profits for <strong>bi-weekly payouts<\/strong><br \/>\u2022 <strong>95%<\/strong> of profits for <strong>monthly payouts<\/strong><br \/>All rewards are processed in <strong>crypto<\/strong> within 1\u20133 business days.<\/p>\r\n                                    <\/div>\r\n                                <\/li>\r\n                                                    <\/ul>\r\n                    <\/div>\r\n                <\/div>\r\n\r\n            <\/div>\r\n        <\/div>\r\n            \t\t\t\t<\/div>\n\t\t\t\t<\/div>\n\t\t\t\t\t<\/div>\n\t\t<\/div>\n\t\t\t\t\t<\/div>\n\t\t<\/div>\n\t\t\t\t<\/div>","protected":false},"excerpt":{"rendered":"<p>Frequently Asked Questions Lorem ipsum dolor sit amet, consectetur adipisicing elit. Impedit, libero harum cum numquam repellendus autem recusandae voluptatem, asperiores iusto magni reprehenderit. Q1. What is the Funded Account Program? Our Funded Account Program allows skilled traders to trade on simulated accounts that mirror real market conditions. During the evaluation phase, traders demonstrate their <\/p>","protected":false},"author":0,"featured_media":0,"parent":0,"menu_order":0,"comment_status":"closed","ping_status":"closed","template":"","meta":{"_acf_changed":false,"_monsterinsights_skip_tracking":false,"_monsterinsights_sitenote_active":false,"_monsterinsights_sitenote_note":"","_monsterinsights_sitenote_category":0,"footnotes":""},"class_list":["post-194","page","type-page","status-publish","hentry"],"acf":[],"_links":{"self":[{"href":"https:\/\/n1funded.com\/es\/wp-json\/wp\/v2\/pages\/194","targetHints":{"allow":["GET"]}}],"collection":[{"href":"https:\/\/n1funded.com\/es\/wp-json\/wp\/v2\/pages"}],"about":[{"href":"https:\/\/n1funded.com\/es\/wp-json\/wp\/v2\/types\/page"}],"replies":[{"embeddable":true,"href":"https:\/\/n1funded.com\/es\/wp-json\/wp\/v2\/comments?post=194"}],"version-history":[{"count":48,"href":"https:\/\/n1funded.com\/es\/wp-json\/wp\/v2\/pages\/194\/revisions"}],"predecessor-version":[{"id":6517,"href":"https:\/\/n1funded.com\/es\/wp-json\/wp\/v2\/pages\/194\/revisions\/6517"}],"wp:attachment":[{"href":"https:\/\/n1funded.com\/es\/wp-json\/wp\/v2\/media?parent=194"}],"curies":[{"name":"wp","href":"https:\/\/api.w.org\/{rel}","templated":true}]}}